{"id":4007,"date":"2026-03-11T18:06:27","date_gmt":"2026-03-11T18:06:27","guid":{"rendered":"https:\/\/www.luis-trindade.com\/?page_id=4007"},"modified":"2026-03-11T18:22:24","modified_gmt":"2026-03-11T18:22:24","slug":"treino-emocional","status":"publish","type":"page","link":"https:\/\/www.luis-trindade.com\/en\/treino-emocional\/","title":{"rendered":"Emotional Training"},"content":{"rendered":"<p>[et_pb_section fb_built=&#8221;1&#8243; _builder_version=&#8221;4.20.1&#8243; _module_preset=&#8221;default&#8221; min_height=&#8221;301.9px&#8221; custom_padding=&#8221;10px||0px|||&#8221; global_colors_info=&#8221;{}&#8221;][et_pb_row _builder_version=&#8221;4.20.1&#8243; _module_preset=&#8221;default&#8221; width=&#8221;50%&#8221; custom_padding=&#8221;3px||12px|||&#8221; hover_enabled=&#8221;0&#8243; global_colors_info=&#8221;{}&#8221; sticky_enabled=&#8221;0&#8243;][et_pb_column type=&#8221;4_4&#8243; _builder_version=&#8221;4.20.1&#8243; _module_preset=&#8221;default&#8221; global_colors_info=&#8221;{}&#8221;][et_pb_image src=&#8221;https:\/\/www.luis-trindade.com\/wp-content\/uploads\/2026\/03\/Logo-Emotional-Training-Transparente.png&#8221; title_text=&#8221;Logo Emotional Training Transparente&#8221; _builder_version=&#8221;4.20.1&#8243; _module_preset=&#8221;default&#8221; max_width=&#8221;60%&#8221; module_alignment=&#8221;center&#8221; custom_margin=&#8221;||3px|||&#8221; custom_padding=&#8221;||0px|||&#8221; global_colors_info=&#8221;{}&#8221;][\/et_pb_image][\/et_pb_column][\/et_pb_row][\/et_pb_section][et_pb_section fb_built=&#8221;1&#8243; _builder_version=&#8221;4.20.1&#8243; _module_preset=&#8221;default&#8221; custom_margin=&#8221;-18px||3px|||&#8221; custom_padding=&#8221;0px||0px|||&#8221; global_colors_info=&#8221;{}&#8221;][et_pb_row _builder_version=&#8221;4.16&#8243; custom_padding=&#8221;0px||2px|||&#8221; global_colors_info=&#8221;{}&#8221;][et_pb_column type=&#8221;4_4&#8243; _builder_version=&#8221;4.16&#8243; custom_padding=&#8221;|||&#8221; global_colors_info=&#8221;{}&#8221; custom_padding__hover=&#8221;|||&#8221;][et_pb_text _builder_version=&#8221;4.20.1&#8243; text_font=&#8221;fibralight|700|||||||&#8221; text_font_size=&#8221;24px&#8221; header_font=&#8221;fibralight||||||||&#8221; header_4_font=&#8221;fibralight||||||||&#8221; header_4_font_size=&#8221;24px&#8221; text_orientation=&#8221;center&#8221; custom_margin=&#8221;10px||24px||false|false&#8221; custom_padding=&#8221;28px|||||&#8221; global_colors_info=&#8221;{}&#8221;]<\/p>\n<p>Treino Emocional<\/p>\n<p>[\/et_pb_text][et_pb_text _builder_version=&#8221;4.20.1&#8243; text_font=&#8221;fibralight|700|||||||&#8221; text_font_size=&#8221;24px&#8221; header_font=&#8221;fibralight||||||||&#8221; header_4_font=&#8221;fibralight||||||||&#8221; header_4_font_size=&#8221;24px&#8221; text_orientation=&#8221;center&#8221; min_height=&#8221;26px&#8221; custom_margin=&#8221;-15px||8px|||&#8221; custom_padding=&#8221;||6px|||&#8221; global_colors_info=&#8221;{}&#8221;]<\/p>\n<h3>Individual, com Casais ou com Fam\u00edlias<\/h3>\n<p>[\/et_pb_text][et_pb_text _builder_version=&#8221;4.20.1&#8243; text_font=&#8221;fibralight||||||||&#8221; text_font_size=&#8221;16px&#8221; width=&#8221;95%&#8221; module_alignment=&#8221;center&#8221; custom_margin=&#8221;||0px||false|false&#8221; custom_padding=&#8221;8px||2px|||&#8221; global_colors_info=&#8221;{}&#8221;]<\/p>\n<div class=\"xdj266r x14z9mp xat24cr x1lziwak x1vvkbs x126k92a\">\n<div dir=\"auto\" style=\"text-align: center;\"><\/div>\n<div dir=\"auto\" style=\"text-align: center;\">O Treino Emocional treina na dire\u00e7\u00e3o destes n\u00edveis de consci\u00eancia:<\/div>\n<div dir=\"auto\" style=\"text-align: center;\"><span style=\"font-size: 16px;\"><\/span><\/div>\n<div dir=\"auto\" style=\"text-align: center;\"><span style=\"font-size: 16px;\">Sentir-te vist@, aceite e compreendid@<\/span><\/div>\n<\/div>\n<div class=\"x14z9mp xat24cr x1lziwak x1vvkbs xtlvy1s x126k92a\" style=\"text-align: center;\">\n<div dir=\"auto\">Saber mais acerca do que sentes e o que podes fazer com isso<\/div>\n<\/div>\n<div class=\"x14z9mp xat24cr x1lziwak x1vvkbs xtlvy1s x126k92a\" style=\"text-align: center;\">\n<div dir=\"auto\">Saber como vais resolver os temas que continuam a voltar recorrentemente e ainda bloquear-te<\/div>\n<\/div>\n<div class=\"x14z9mp xat24cr x1lziwak x1vvkbs xtlvy1s x126k92a\" style=\"text-align: center;\">\n<div dir=\"auto\">Sentir-te mais adult@ no teu pr\u00f3prio corpo<\/div>\n<\/div>\n<div class=\"x14z9mp xat24cr x1lziwak x1vvkbs xtlvy1s x126k92a\" style=\"text-align: center;\">\n<div dir=\"auto\">Sentir-te aut\u00eantic@ e bem contigo mesm@<\/div>\n<\/div>\n<div class=\"x14z9mp xat24cr x1lziwak x1vvkbs xtlvy1s x126k92a\" style=\"text-align: center;\">\n<div dir=\"auto\">Viver uma sexualidade mais consciente e pr\u00f3xim@ do sagrado masculino e feminino<\/div>\n<\/div>\n<div class=\"x14z9mp xat24cr x1lziwak x1vvkbs xtlvy1s x126k92a\" style=\"text-align: center;\">\n<div dir=\"auto\">Sentir mais o pr\u00f3prio poder pessoal<\/div>\n<\/div>\n<div class=\"x14z9mp xat24cr x1lziwak x1vvkbs xtlvy1s x126k92a\" style=\"text-align: center;\">\n<div dir=\"auto\">Sentir mais amor nas rela\u00e7\u00f5es rom\u00e2nticas, familiares e de amizade<\/div>\n<\/div>\n<div class=\"x14z9mp xat24cr x1lziwak x1vvkbs xtlvy1s x126k92a\" style=\"text-align: center;\">\n<div dir=\"auto\">Sentir a vida profissional como o uso v\u00e1lido do tempo de vida<\/div>\n<\/div>\n<div class=\"x14z9mp xat24cr x1lziwak x1vvkbs xtlvy1s x126k92a\" style=\"text-align: center;\">\n<div dir=\"auto\">Conhecer melhor as sensa\u00e7\u00f5es no corpo e o que t\u00eam para ti, tanto na sa\u00fade como na doen\u00e7a<\/div>\n<\/div>\n<div class=\"x14z9mp xat24cr x1lziwak x1vvkbs xtlvy1s x126k92a\" style=\"text-align: center;\">\n<div dir=\"auto\">Sentir-se bem na sua pr\u00f3pria pele<\/div>\n<\/div>\n<div class=\"x14z9mp xat24cr x1lziwak x1vvkbs xtlvy1s x126k92a\" style=\"text-align: center;\">\n<div dir=\"auto\"><span style=\"font-size: 16px;\">Sentir mais sa\u00fade e mais for\u00e7a de vida<\/span><\/div>\n<\/div>\n<div class=\"x14z9mp xat24cr x1lziwak x1vvkbs xtlvy1s x126k92a\">\n<div dir=\"auto\"><\/div>\n<\/div>\n<p><span style=\"font-size: 16px;\"><span><\/span><\/span><\/p>\n<p><span style=\"font-size: 16px;\"><span><\/span><\/span><\/p>\n<p><span style=\"font-size: 16px;\"><span><\/span><\/span><\/p>\n<p>[\/et_pb_text][et_pb_text _builder_version=&#8221;4.20.1&#8243; text_font=&#8221;fibralight||||||||&#8221; text_font_size=&#8221;16px&#8221; width=&#8221;95%&#8221; module_alignment=&#8221;center&#8221; custom_margin=&#8221;29px||30px||false|false&#8221; custom_padding=&#8221;0px||0px||false|false&#8221; global_colors_info=&#8221;{}&#8221;]<\/p>\n<h6 style=\"text-align: center;\">TREINO EMOCIONAL<\/h6>\n<h6 style=\"text-align: center;\">Trabalho de Alma, perto do Cora\u00e7\u00e3o, para que a sensa\u00e7\u00e3o no corpo alivie.\u00a0<\/h6>\n<p>[\/et_pb_text][\/et_pb_column][\/et_pb_row][\/et_pb_section][et_pb_section fb_built=&#8221;1&#8243; admin_label=&#8221;Services&#8221; _builder_version=&#8221;4.16&#8243; min_height=&#8221;626px&#8221; custom_margin=&#8221;||-17px|||&#8221; custom_padding=&#8221;8px||28px|||&#8221; locked=&#8221;off&#8221; global_colors_info=&#8221;{}&#8221;][et_pb_row _builder_version=&#8221;4.16&#8243; custom_margin=&#8221;9px|auto||auto||&#8221; custom_padding=&#8221;15px||12px|||&#8221; global_colors_info=&#8221;{}&#8221;][et_pb_column type=&#8221;4_4&#8243; _builder_version=&#8221;4.16&#8243; custom_padding=&#8221;|||&#8221; global_colors_info=&#8221;{}&#8221; custom_padding__hover=&#8221;|||&#8221;][et_pb_text _builder_version=&#8221;4.16&#8243; text_font=&#8221;fibralight||||||||&#8221; text_font_size=&#8221;16px&#8221; text_line_height=&#8221;1.9em&#8221; header_font=&#8221;||||||||&#8221; header_2_font=&#8221;fibralight||||||||&#8221; header_2_font_size=&#8221;40px&#8221; header_2_line_height=&#8221;1.5em&#8221; header_6_font=&#8221;||||||||&#8221; text_orientation=&#8221;center&#8221; max_width=&#8221;704px&#8221; max_width_last_edited=&#8221;off|desktop&#8221; module_alignment=&#8221;center&#8221; custom_margin=&#8221;5px||-13px|||&#8221; custom_padding=&#8221;8px|||||&#8221; header_2_font_size_tablet=&#8221;30px&#8221; header_2_font_size_phone=&#8221;24px&#8221; header_2_font_size_last_edited=&#8221;on|phone&#8221; locked=&#8221;off&#8221; global_colors_info=&#8221;{}&#8221;]<\/p>\n<h2>O que posso fazer por ti<\/h2>\n<p>Casais, Fam\u00edlias, Mulheres, Homens, Empresas e Organiza\u00e7\u00f5es<\/p>\n<p>[\/et_pb_text][\/et_pb_column][\/et_pb_row][et_pb_row column_structure=&#8221;1_3,1_3,1_3&#8243; use_custom_gutter=&#8221;on&#8221; gutter_width=&#8221;1&#8243; custom_padding_last_edited=&#8221;off|desktop&#8221; _builder_version=&#8221;4.16&#8243; background_enable_color=&#8221;off&#8221; width=&#8221;40%&#8221; module_alignment=&#8221;center&#8221; custom_margin=&#8221;9px|auto|9px|auto|true|&#8221; custom_padding=&#8221;0px||0px||true&#8221; custom_padding_phone=&#8221;10px||10px||true&#8221; animation_style=&#8221;slide&#8221; animation_direction=&#8221;right&#8221; animation_intensity_slide=&#8221;1%&#8221; box_shadow_style=&#8221;preset3&#8243; box_shadow_vertical=&#8221;100px&#8221; box_shadow_blur=&#8221;100px&#8221; box_shadow_spread=&#8221;-60px&#8221; locked=&#8221;off&#8221; global_colors_info=&#8221;{}&#8221;][et_pb_column type=&#8221;1_3&#8243; _builder_version=&#8221;4.16&#8243; custom_padding=&#8221;|||&#8221; global_colors_info=&#8221;{}&#8221; custom_padding__hover=&#8221;|||&#8221;][et_pb_blurb url_new_window=&#8221;on&#8221; image=&#8221;https:\/\/www.luis-trindade.com\/wp-content\/uploads\/2026\/01\/Botao-Casal_Familia-Ouro-transparente.png&#8221; _builder_version=&#8221;4.20.1&#8243; header_font=&#8221;fibralight|700|||||||&#8221; header_text_color=&#8221;#3a677d&#8221; header_line_height=&#8221;1.5em&#8221; background_color=&#8221;#ffffff&#8221; text_orientation=&#8221;center&#8221; min_height=&#8221;207px&#8221; custom_padding=&#8221;20px|20px|20px|20px|true|true&#8221; custom_padding_tablet=&#8221;&#8221; custom_padding_phone=&#8221;20px||20px||true&#8221; custom_padding_last_edited=&#8221;on|phone&#8221; animation_direction=&#8221;right&#8221; animation=&#8221;off&#8221; link_option_url=&#8221;https:\/\/www.luis-trindade.com\/casais-e-familias\/&#8221; link_option_url_new_window=&#8221;on&#8221; global_colors_info=&#8221;{}&#8221;][\/et_pb_blurb][\/et_pb_column][et_pb_column type=&#8221;1_3&#8243; _builder_version=&#8221;4.16&#8243; custom_padding=&#8221;|||&#8221; global_colors_info=&#8221;{}&#8221; custom_padding__hover=&#8221;|||&#8221;][et_pb_blurb image=&#8221;https:\/\/www.luis-trindade.com\/wp-content\/uploads\/2026\/01\/Botao-M_H-Ouro-Transparente.png&#8221; _builder_version=&#8221;4.20.1&#8243; header_font=&#8221;fibralight|700|||||||&#8221; header_text_color=&#8221;#3a677d&#8221; header_line_height=&#8221;1.5em&#8221; background_enable_color=&#8221;off&#8221; text_orientation=&#8221;center&#8221; custom_padding=&#8221;19px|20px|19px|20px|true|true&#8221; custom_padding_tablet=&#8221;&#8221; custom_padding_phone=&#8221;20px||20px||true&#8221; custom_padding_last_edited=&#8221;on|phone&#8221; animation=&#8221;off&#8221; link_option_url=&#8221;https:\/\/www.luis-trindade.com\/cliente-particular\/&#8221; link_option_url_new_window=&#8221;on&#8221; global_colors_info=&#8221;{}&#8221;][\/et_pb_blurb][\/et_pb_column][et_pb_column type=&#8221;1_3&#8243; _builder_version=&#8221;4.16&#8243; custom_padding=&#8221;|||&#8221; global_colors_info=&#8221;{}&#8221; custom_padding__hover=&#8221;|||&#8221;][et_pb_blurb image=&#8221;https:\/\/www.luis-trindade.com\/wp-content\/uploads\/2026\/01\/Botao-Emp_Org-Ouro-Transparente.png&#8221; _builder_version=&#8221;4.20.1&#8243; header_font=&#8221;fibralight|700|||||||&#8221; header_text_color=&#8221;#3a677d&#8221; header_line_height=&#8221;1.5em&#8221; body_font=&#8221;fibralight||||||||&#8221; background_enable_color=&#8221;off&#8221; text_orientation=&#8221;center&#8221; min_height=&#8221;183px&#8221; custom_padding=&#8221;13px|20px|13px|20px|true|true&#8221; custom_padding_tablet=&#8221;&#8221; custom_padding_phone=&#8221;20px||20px||true&#8221; custom_padding_last_edited=&#8221;on|phone&#8221; animation=&#8221;off&#8221; link_option_url=&#8221;https:\/\/www.luis-trindade.com\/novas-organizacoes\/&#8221; link_option_url_new_window=&#8221;on&#8221; locked=&#8221;off&#8221; global_colors_info=&#8221;{}&#8221;][\/et_pb_blurb][\/et_pb_column][\/et_pb_row][et_pb_row _builder_version=&#8221;4.16&#8243; custom_padding=&#8221;22px||36px|||&#8221; locked=&#8221;off&#8221; global_colors_info=&#8221;{}&#8221;][et_pb_column type=&#8221;4_4&#8243; _builder_version=&#8221;4.16&#8243; custom_padding=&#8221;|||&#8221; global_colors_info=&#8221;{}&#8221; custom_padding__hover=&#8221;|||&#8221;][et_pb_button button_url=&#8221;@ET-DC@eyJkeW5hbWljIjp0cnVlLCJjb250ZW50IjoicG9zdF9saW5rX3VybF9wYWdlIiwic2V0dGluZ3MiOnsicG9zdF9pZCI6IjIwMyJ9fQ==@&#8221; button_text=&#8221;Informa\u00e7\u00f5es&#8221; button_alignment=&#8221;center&#8221; _builder_version=&#8221;4.20.1&#8243; _dynamic_attributes=&#8221;button_url&#8221; custom_button=&#8221;on&#8221; button_text_size=&#8221;16px&#8221; button_text_color=&#8221;#FFFFFF&#8221; button_bg_color=&#8221;#f88d00&#8243; button_border_width=&#8221;10px&#8221; button_border_color=&#8221;rgba(210,159,104,0)&#8221; button_border_radius=&#8221;100px&#8221; button_font=&#8221;fibralight|700|||||||&#8221; button_use_icon=&#8221;off&#8221; background_layout=&#8221;dark&#8221; custom_margin=&#8221;||10px|||&#8221; button_bg_color_hover=&#8221;#4159a0&#8243; global_colors_info=&#8221;{}&#8221; button_text_size__hover_enabled=&#8221;off&#8221; button_one_text_size__hover_enabled=&#8221;off&#8221; button_two_text_size__hover_enabled=&#8221;off&#8221; button_text_color__hover_enabled=&#8221;off&#8221; button_one_text_color__hover_enabled=&#8221;off&#8221; button_two_text_color__hover_enabled=&#8221;off&#8221; button_border_width__hover_enabled=&#8221;off&#8221; button_one_border_width__hover_enabled=&#8221;off&#8221; button_two_border_width__hover_enabled=&#8221;off&#8221; button_border_color__hover_enabled=&#8221;off&#8221; button_one_border_color__hover_enabled=&#8221;off&#8221; button_two_border_color__hover_enabled=&#8221;off&#8221; button_border_radius__hover_enabled=&#8221;off&#8221; button_one_border_radius__hover_enabled=&#8221;off&#8221; button_two_border_radius__hover_enabled=&#8221;off&#8221; button_letter_spacing__hover_enabled=&#8221;off&#8221; button_one_letter_spacing__hover_enabled=&#8221;off&#8221; button_two_letter_spacing__hover_enabled=&#8221;off&#8221; button_bg_color__hover_enabled=&#8221;on|hover&#8221; button_bg_color__hover=&#8221;#73c6cb&#8221; button_one_bg_color__hover_enabled=&#8221;off&#8221; button_two_bg_color__hover_enabled=&#8221;off&#8221; button_bg_enable_color__hover=&#8221;on&#8221;][\/et_pb_button][et_pb_image src=&#8221;https:\/\/www.luis-trindade.com\/wp-content\/uploads\/2026\/01\/contacto-brilhante-transparente.png&#8221; title_text=&#8221;contacto brilhante transparente&#8221; align=&#8221;center&#8221; _builder_version=&#8221;4.20.1&#8243; _module_preset=&#8221;default&#8221; width=&#8221;30%&#8221; module_alignment=&#8221;center&#8221; custom_margin=&#8221;52px||||false|false&#8221; global_colors_info=&#8221;{}&#8221;][\/et_pb_image][\/et_pb_column][\/et_pb_row][\/et_pb_section]<\/p>\n","protected":false},"excerpt":{"rendered":"<p>Treino EmocionalIndividual, com Casais ou com Fam\u00edlias O Treino Emocional treina na dire\u00e7\u00e3o destes n\u00edveis de consci\u00eancia: Sentir-te vist@, aceite e compreendid@ Saber mais acerca do que sentes e o que podes fazer com isso Saber como vais resolver os temas que continuam a voltar recorrentemente e ainda bloquear-te Sentir-te mais adult@ no teu pr\u00f3prio [&hellip;]<\/p>\n","protected":false},"author":1,"featured_media":0,"parent":0,"menu_order":0,"comment_status":"closed","ping_status":"closed","template":"","meta":{"_et_pb_use_builder":"on","_et_pb_old_content":"","_et_gb_content_width":"","_joinchat":[],"footnotes":""},"_links":{"self":[{"href":"https:\/\/www.luis-trindade.com\/en\/wp-json\/wp\/v2\/pages\/4007"}],"collection":[{"href":"https:\/\/www.luis-trindade.com\/en\/wp-json\/wp\/v2\/pages"}],"about":[{"href":"https:\/\/www.luis-trindade.com\/en\/wp-json\/wp\/v2\/types\/page"}],"author":[{"embeddable":true,"href":"https:\/\/www.luis-trindade.com\/en\/wp-json\/wp\/v2\/users\/1"}],"replies":[{"embeddable":true,"href":"https:\/\/www.luis-trindade.com\/en\/wp-json\/wp\/v2\/comments?post=4007"}],"version-history":[{"count":6,"href":"https:\/\/www.luis-trindade.com\/en\/wp-json\/wp\/v2\/pages\/4007\/revisions"}],"predecessor-version":[{"id":4020,"href":"https:\/\/www.luis-trindade.com\/en\/wp-json\/wp\/v2\/pages\/4007\/revisions\/4020"}],"wp:attachment":[{"href":"https:\/\/www.luis-trindade.com\/en\/wp-json\/wp\/v2\/media?parent=4007"}],"curies":[{"name":"wp","href":"https:\/\/api.w.org\/{rel}","templated":true}]}}