{"id":3788,"date":"2025-09-30T15:13:16","date_gmt":"2025-09-30T15:13:16","guid":{"rendered":"https:\/\/www.luis-trindade.com\/?page_id=3788"},"modified":"2026-04-03T10:35:10","modified_gmt":"2026-04-03T10:35:10","slug":"incarnate-codex","status":"publish","type":"page","link":"https:\/\/www.luis-trindade.com\/en\/incarnate-codex\/","title":{"rendered":"INCARNATE CODEX"},"content":{"rendered":"<p>[et_pb_section fb_built=&#8221;1&#8243; _builder_version=&#8221;4.20.1&#8243; _module_preset=&#8221;default&#8221; min_height=&#8221;301.9px&#8221; custom_padding=&#8221;10px||0px|||&#8221; global_colors_info=&#8221;{}&#8221;][et_pb_row _builder_version=&#8221;4.20.1&#8243; _module_preset=&#8221;default&#8221; custom_padding=&#8221;3px||12px|||&#8221; global_colors_info=&#8221;{}&#8221;][et_pb_column type=&#8221;4_4&#8243; _builder_version=&#8221;4.20.1&#8243; _module_preset=&#8221;default&#8221; global_colors_info=&#8221;{}&#8221;][et_pb_image src=&#8221;https:\/\/www.luis-trindade.com\/wp-content\/uploads\/2025\/11\/Logo-e-Lettering-fundo-Transparente-Website-1.png&#8221; title_text=&#8221;Logo e Lettering fundo Transparente Website&#8221; _builder_version=&#8221;4.20.1&#8243; _module_preset=&#8221;default&#8221; max_width=&#8221;85%&#8221; module_alignment=&#8221;center&#8221; custom_margin=&#8221;||20px|||&#8221; custom_padding=&#8221;||0px|||&#8221; global_colors_info=&#8221;{}&#8221;][\/et_pb_image][\/et_pb_column][\/et_pb_row][\/et_pb_section][et_pb_section fb_built=&#8221;1&#8243; _builder_version=&#8221;4.20.1&#8243; _module_preset=&#8221;default&#8221; min_height=&#8221;879.9px&#8221; custom_margin=&#8221;||-13px|||&#8221; custom_padding=&#8221;0px||1px|||&#8221; global_colors_info=&#8221;{}&#8221;][et_pb_row _builder_version=&#8221;4.16&#8243; custom_padding=&#8221;0px||2px|||&#8221; global_colors_info=&#8221;{}&#8221;][et_pb_column type=&#8221;4_4&#8243; _builder_version=&#8221;4.16&#8243; custom_padding=&#8221;|||&#8221; global_colors_info=&#8221;{}&#8221; custom_padding__hover=&#8221;|||&#8221;][et_pb_text _builder_version=&#8221;4.20.1&#8243; text_font=&#8221;fibralight|700|||||||&#8221; text_font_size=&#8221;24px&#8221; header_font=&#8221;fibralight||||||||&#8221; header_4_font=&#8221;fibralight||||||||&#8221; header_4_font_size=&#8221;24px&#8221; text_orientation=&#8221;center&#8221; custom_margin=&#8221;10px||24px||false|false&#8221; custom_padding=&#8221;28px|||||&#8221; global_colors_info=&#8221;{}&#8221;]<\/p>\n<p>INCARNATE<\/p>\n<p>[\/et_pb_text][et_pb_text _builder_version=&#8221;4.20.1&#8243; text_font=&#8221;fibralight|700|||||||&#8221; text_font_size=&#8221;24px&#8221; header_font=&#8221;fibralight||||||||&#8221; header_4_font=&#8221;fibralight||||||||&#8221; header_4_font_size=&#8221;24px&#8221; text_orientation=&#8221;center&#8221; min_height=&#8221;26px&#8221; custom_margin=&#8221;-15px||8px|||&#8221; custom_padding=&#8221;||6px|||&#8221; global_colors_info=&#8221;{}&#8221;]<\/p>\n<h3>CODEX<\/h3>\n<p>[\/et_pb_text][et_pb_text _builder_version=&#8221;4.20.1&#8243; text_font=&#8221;fibralight||||||||&#8221; text_font_size=&#8221;16px&#8221; width=&#8221;95%&#8221; module_alignment=&#8221;center&#8221; custom_margin=&#8221;||0px||false|false&#8221; custom_padding=&#8221;8px||2px|||&#8221; global_colors_info=&#8221;{}&#8221;]<\/p>\n<p style=\"text-align: center;\"><strong>Incarnate &#8211; <\/strong>Espa\u00e7o Sagrado para Incarnar Cora\u00e7\u00e3o, Alma, Esp\u00edrito e Corpo.<\/p>\n<p style=\"text-align: center;\">\n<p>INCARNATE \u00e9 acerca de Mulheres e Homens. \u00c9 acerca de Casais. \u00c9 acerca de Fam\u00edlias. \u00c9 para Seres Humanos, desde crian\u00e7as at\u00e9<span>\u00a0<\/span><a href=\"mailto:idos@s.\">idos@s.<br \/><\/a><\/p>\n<p>Traz a tua fam\u00edlia, tod@s s\u00e3o bem-vind@s!\u00a0<\/p>\n<p>Incarnate \u00e9 um encontro vivo \u2013 um espa\u00e7o onde cada Ser pode sentir, expressar, transformar e incarnar o que ainda est\u00e1 para nascer.<\/p>\n<p>\u00c0s vezes h\u00e1 partes de n\u00f3s que ainda n\u00e3o nasceram, que foram deixadas para tr\u00e1s pois n\u00e3o estavam ainda prontas para se materializar neste planeta.\u00a0Assumir plenamente uma forma humana requer tempo e uma enorme quantidade de energia.<\/p>\n<p>O Incarnate \u00e9 um espa\u00e7o para acolher amorosa e compassivamente o que ainda est\u00e1 para chegar aos corpos, o que \u00e9 nosso por direito e ao qual talvez ainda n\u00e3o tenhamos tido acesso.<\/p>\n<p>\u00c9 um espa\u00e7o regular criado para honrar a nossa presen\u00e7a divina e permitir a express\u00e3o individual e divina atrav\u00e9s da pr\u00e1tica regular do movimento e da dan\u00e7a, com a inten\u00e7\u00e3o de revelar mais dos nossos Seres.<\/p>\n<p>O Incarnate \u00e9 o espa\u00e7o f\u00edsico onde \u00e9s bem-vind@ e abra\u00e7ad@ por outros cora\u00e7\u00f5es abertos.<\/p>\n<p>O Incarnate n\u00e3o \u00e9 afiliado a qualquer organiza\u00e7\u00e3o p\u00fablica ou privada, movimento pol\u00edtico, ideologia ou religi\u00e3o; aqui n\u00e3o se tomam posi\u00e7\u00f5es sobre quest\u00f5es externas ao Incarnate.<\/p>\n<p>O principal objetivo do Incarnate \u00e9 abrir semanalmente Espa\u00e7os Sagrados onde qualquer pessoa que concorde plenamente com as diretrizes deste Codex possa ser acolhida, partilhar e dan\u00e7ar em conjunto num ambiente completamente livre de \u00e1lcool e drogas, e tornar-se organicamente parte da fam\u00edlia Incarnate quando esse seja o desejo profundo do seu cora\u00e7\u00e3o.<\/p>\n<p>\u00c9 um espa\u00e7o sagrado de movimento sem forma e sem coreografias, de estilos de dan\u00e7a espont\u00e2neos livres, suportados pela m\u00fasica e guiados por impulsos n\u00e3o planeados de quem det\u00e9m o espa\u00e7o sagrado nesse momento.<\/p>\n<p>Os corpos s\u00e3o convidados a mover-se de acordo com a intui\u00e7\u00e3o. \u00c9 uma forma de medita\u00e7\u00e3o din\u00e2mica onde os corpos viajam atrav\u00e9s do movimento no tempo e no espa\u00e7o.<\/p>\n<p>Neste Espa\u00e7o Sagrado h\u00e1 m\u00fasica, movimento, sil\u00eancio, cuidado, escuta, partilha e autenticidade.<\/p>\n<p>Come\u00e7amos em c\u00edrculo, dan\u00e7amos o que sentimos e fechamos em encontro humano.<\/p>\n<p>Para quem quer um espa\u00e7o seguro.<br \/>@s que querem transformar a sua dor em cria\u00e7\u00e3o.<br \/>\u00c0quel@s que desejam incarnar.\u00a0<\/p>\n<p>Podes-te juntar a esta Tribo.<\/p>\n<p>Os encontros s\u00e3o semanais ou excecionalmente quinzenais em virtude do calend\u00e1rio.<\/p>\n<p>Tod@s s\u00e3o bem-vindos, sem necessidade de experi\u00eancia pr\u00e9via.<\/p>\n<p>Cuidar do pr\u00f3prio corpo \u00e9 um lugar de autorresponsabiliza\u00e7\u00e3o e aprendizagem, assim como tu \u00e9s @ \u00fanic@ que conhece as tuas pr\u00f3prias condi\u00e7\u00f5es de sa\u00fade e fitness. Certifica-te de que o teu movimento na dan\u00e7a Incarnate \u00e9 uma pr\u00e1tica agrad\u00e1vel e saud\u00e1vel para ti mesm@, ouvindo a tua respira\u00e7\u00e3o, o teu cora\u00e7\u00e3o e o teu corpo.<\/p>\n<p>Est\u00e1s convidad@ a juntar-se ao Incarnate SE concordares com estas diretrizes:<\/p>\n<p>\u00a0I. A Sacralidade do Incarnate come\u00e7a na porta principal, o que significa que este espa\u00e7o \u00e9 para ti QUANDO:<\/p>\n<p>\u00a0 a. Est\u00e1s dispost@ a entrar neste espa\u00e7o, caminhar e dan\u00e7ar descal\u00e7@ ou com meias antiderrapantes, sapatos de interior de sola macia (n\u00e3o s\u00e3o permitidos sapatos\/t\u00e9nis\/t\u00e9nis de andar ao ar livre). Esta escolha destina-se a conectar-te ao solo e enraizar-te de volta a Gaia.<\/p>\n<p>\u00a0 b. Quando em c\u00edrculo, cada um de si pr\u00f3pri@. Fala no \u201cEu\u201d, a fala \u00e9 na primeira pessoa. N\u00e3o usa o \u201cn\u00f3s\u201d, o \u201cel@s\u201d, nem generaliza\u00e7\u00f5es como \u201cas pessoas\u201d.<br \/>Falas a partir de ti mesm@ e acerca de ti pr\u00f3pri@. Tem a ver com ser totalmente respons\u00e1vel acerca das suas pr\u00f3prias palavras quando fala.<\/p>\n<p>\u00a0 c. Quando a fam\u00edlia Incarnate se re\u00fane em c\u00edrculo, uma pessoa fala de cada vez. @s outros fazem sil\u00eancio e est\u00e3o em escuta ativa. N\u00e3o \u00e9 para ter conversas simult\u00e2neas, interromper, falar sobre algu\u00e9m, intervir, influenciar ou mesmo comentar partilhas uns dos outros.<\/p>\n<p>\u00a0 d. Quando em c\u00edrculo, n\u00e3o expressar julgamentos, n\u00e3o dar conselhos, n\u00e3o fazer discursos nem fazer interpreta\u00e7\u00f5es.<\/p>\n<p>\u00a0 e. N\u00e3o h\u00e1 conversa depois da m\u00fasica come\u00e7ar e at\u00e9 o final de todo o espa\u00e7o da dan\u00e7a sagrada, abstendo-te de usar palavras ou sons. Fica no teu corpo, n\u00e3o em palavras produzidas nos sons da tua mente que poderiam at\u00e9 sair pela tua boca.<\/p>\n<p>\u00a0 f. Baixa a atividade mental e os teus pensamentos deixando-os descer at\u00e9 aos teus p\u00e9s. Entrega-te \u00e0 m\u00fasica e ao movimento, permite-te abandonar os teus m\u00e9todos habituais de comunica\u00e7\u00e3o.<\/p>\n<p>\u00a0 g. Tu est\u00e1s pront@ para honrar o teu corpo e o corpo das outras pessoas, expressando-te autenticamente, tomando uma posi\u00e7\u00e3o firme sobre os teus limites, e pedindo permiss\u00e3o e consentimento para tocar algu\u00e9m antes de efetivamente tocar (\u00e0s vezes apenas em sil\u00eancio, por gestos). N\u00e3o \u00e9 aceit\u00e1vel no Incarnate existir qualquer tipo de contacto sem consentimento pr\u00e9vio.<\/p>\n<p>\u00a0 h. N\u00e3o olhar fixamente e n\u00e3o usar sedu\u00e7\u00e3o ou flirting a n\u00e3o ser que o espa\u00e7o Incarnate assim o proponha conscientemente e de forma transparente, para alguma din\u00e2mica ou exerc\u00edcio e com um prop\u00f3sito previamente anunciado. Esta \u00e9 uma proposta do Incarnate para estares mais consciente do uso da tua pr\u00f3pria energia sexual.<\/p>\n<p>\u00a0 i. Um N\u00c3O \u00e9 uma frase completa sem necessidade de qualquer tipo de explica\u00e7\u00e3o adicional. L\u00ea a sala, o espa\u00e7o, a pessoa, a linguagem corporal, est\u00e1 presente, est\u00e1 atent@!<\/p>\n<p>\u00a0 j. O Incarnate convida-te a tomares as respostas das intera\u00e7\u00f5es e do espa\u00e7o como feedback para ti mesm@ e a evoluir com esse feedback como Ser Human@.<\/p>\n<p>\u00a0 l. Est\u00e1s dispost@ a deixar o espa\u00e7o pelo menos nas mesmas condi\u00e7\u00f5es ou at\u00e9 melhor do que o encontraste em qualquer um dos seus servi\u00e7os, seja na sala de dan\u00e7a, no WC, na copa, nos balne\u00e1rios e nas diversas \u00e1reas de rece\u00e7\u00e3o e servi\u00e7o.<\/p>\n<p>\u00a0 m. Est\u00e1s dispost@ a dan\u00e7ar livre, percebendo os teus pensamentos e julgamentos interiores e dan\u00e7ando-os at\u00e9 que passem. Sendo um desafio enorme, at\u00e9 mesmo por vezes sendo mesmo realmente assustador, dan\u00e7ar-se autenticamente na pista de dan\u00e7a pode levar alguns anos da tua vida para chegar a esse lugar. \u00c9 disso que se trata tamb\u00e9m o Incarnate.<\/p>\n<p>\u00a0 n. Os hor\u00e1rios para chegar \u00e0s sess\u00f5es s\u00e3o das 18h45 at\u00e9 \u00e0s 19h15 (hor\u00e1rio de Portugal). Podes n\u00e3o conseguir entrar depois desse hor\u00e1rio, pois a porta da sala de dan\u00e7a \u00e9 encerrada e provavelmente ningu\u00e9m vai ouvir que est\u00e1s a tocar \u00e0 campainha. Ligar e enviar mensagens privadas ou para o grupo WhatsApp provavelmente n\u00e3o vai funcionar porque os telefones n\u00e3o s\u00e3o permitidos dentro do espa\u00e7o de dan\u00e7a. Isso preserva a energia do espa\u00e7o do in\u00edcio ao fim do Incarnate.<\/p>\n<p>\u00a0 o. N\u00e3o deixes o Incarnate Dance ou o espa\u00e7o global antes que a dan\u00e7a tenha terminado completamente. D\u00e1 a ti mesm@ outra hip\u00f3tese at\u00e9 que decidas realmente partir. Confia no processo e deixa-o integrar-se mais dentro de ti; Podes at\u00e9 provavelmente vir encontrar um padr\u00e3o em ti sobre deixar as coisas para tr\u00e1s enquanto ainda est\u00e3o a acontecer devido a uma sensa\u00e7\u00e3o de intensidade ou densidade dentro de ti. Podes ficar e vir a descobrir mais sobre ti mesm@.<\/p>\n<p>\u00a0 p. Se n\u00e3o criaste nem reservaste espa\u00e7o livre suficiente no calend\u00e1rio para ficares at\u00e9 o final porque tens outros compromissos, pergunta-te o que realmente est\u00e1 a acontecer sobre a sobreposi\u00e7\u00e3o de tempo ou padr\u00f5es de indecis\u00e3o em si mesm@.<\/p>\n<p>\u00a0 q. Conscientemente est\u00e1s dispost@ a deixar os teus pertences na \u00e1rea da rece\u00e7\u00e3o junto \u00e0 porta de entrada do espa\u00e7o juntamente com os teus sapatos, incluindo os teus smartphones e smartwatches, certificando-se de que est\u00e3o em sil\u00eancio e, de prefer\u00eancia, tamb\u00e9m em modo de avi\u00e3o. Se tiveres alguma necessidade excecional em rela\u00e7\u00e3o ao uso do teu telefone celular, entra em contato com o Spaceholder sobre isso.<\/p>\n<p>\u00a0 r. N\u00e3o s\u00e3o permitidas c\u00e2meras de qualquer tipo no espa\u00e7o al\u00e9m da \u00e1rea de rece\u00e7\u00e3o. Pode acontecer que apenas e se em datas e hor\u00e1rios agendados e com pr\u00e9-aviso relativamente a tod@s @s participantes daquela sess\u00e3o possam acontecer grava\u00e7\u00f5es ou imagens para fins espec\u00edficos que devem ser anunciados e solicitados para autoriza\u00e7\u00e3o no c\u00edrculo inicial.<\/p>\n<p>\u00a0 s. A tua Presen\u00e7a, o teu cora\u00e7\u00e3o gigante, a tua alma dan\u00e7ante, a tua conex\u00e3o com um esp\u00edrito maior escolheram estar neste espa\u00e7o e abertos para o desconhecido.<\/p>\n<p>\u00a0 \u00a0t. Se tomaste algum tipo de drogas e medicamentos n\u00e3o prescritos recentemente, sejam qu\u00edmicos, naturais ou \u00e1lcool, n\u00e3o participes da sess\u00e3o de dan\u00e7a sem antes ires ter com o Spaceholder, falar e conectares sobre essa tua a ingest\u00e3o para que possas ser aut\u00eantic@ e acolhid@ onde e como realmente est\u00e1s nesse momento.<\/p>\n<p>&nbsp;<\/p>\n<p>\u00a0II. Os pre\u00e7os para participar no Incarnate s\u00e3o:<\/p>\n<p>\u00a0 \u00a0a. Uma participa\u00e7\u00e3o \u00fanica no decorrer de um m\u00eas \u2013 18\u20ac.<\/p>\n<p>\u00a0 \u00a0b. Participa\u00e7\u00e3o mensal de tr\u00eas (3x) a cinco (5x) vezes durante o mesmo m\u00eas &#8211; 50\u20ac<\/p>\n<p>\u00a0 \u00a0c. Fam\u00edlias, ao participarem pelo menos dois adultos, pagam menos 20%, e adicionalmente, as crian\u00e7as n\u00e3o pagam!<\/p>\n<p>\u00a0 \u00a0d. Se est\u00e1s numa condi\u00e7\u00e3o financeira de baixo rendimento, o Incarnate tamb\u00e9m \u00e9 para ti. Dirige-te ao Spaceholder do Incarnate e partilha as tuas vulnerabilidades sobre dinheiro nesse instante. Quando previamente negociado acerca de outras poss\u00edveis formas de troca de energia, tod@s provavelmente poder\u00e3o juntar-se ao Incarnate e dan\u00e7ar.<\/p>\n<p>&nbsp;<\/p>\n<p>III. A regularidade do Incarnate \u00e9 uma vez por semana. Acontece \u00e0s ter\u00e7as-feiras das 19h \u00e0s 21h30.<\/p>\n<p>&nbsp;<\/p>\n<p>IV. O Spaceholder do Incarnate prop\u00f5e-te trazeres roupas confort\u00e1veis com que possas transpirar e moveres-te livremente quer no ch\u00e3o como a dan\u00e7ar por toda a sala. H\u00e1 vesti\u00e1rios onde te podes vestir previamente ao in\u00edcio e depois retornares \u00e0s tuas roupas di\u00e1rias no final de cada encontro Incarnate.<\/p>\n<p>&nbsp;<\/p>\n<p>V. Uma garrafa de \u00e1gua que possas voltar a encher \u00e9 outra proposta forte para este espa\u00e7o. Se tamb\u00e9m quiseres trazer uma toalha para te secares pode funcionar para ti. Esta tua garrafa \u00e9 o \u00fanico recipiente de l\u00edquidos ou alimentos permitidos no espa\u00e7o de dan\u00e7a. Copos, canecas, talheres, pratos, ta\u00e7as, tigelas ou qualquer outro tipo de loi\u00e7a N\u00c3O s\u00e3o permitidos dentro do espa\u00e7o de Dan\u00e7a.<\/p>\n<p>&nbsp;<\/p>\n<p>VI. Tamb\u00e9m comidas, bebidas (para al\u00e9m da \u00e1gua) ou qualquer snack N\u00c3O s\u00e3o permitidos dentro do espa\u00e7o de dan\u00e7a com o objetivo de mant\u00ea&#8211;lo totalmente seguro e limpo para podermos andar e movermo-nos descal\u00e7os. Se tiveres alguma necessidade espec\u00edfica tanto sobre alimenta\u00e7\u00e3o ou antes de sa\u00edres temporariamente do espa\u00e7o de dan\u00e7a, dirige-se ao Spaceholder antes de o fazeres.<\/p>\n<p>&nbsp;<\/p>\n<p>Lu\u00eds Miguel Trindade &#8211; Atualizado em 2 de Mar\u00e7o 2026<\/p>\n<p>[\/et_pb_text][et_pb_text _builder_version=&#8221;4.20.1&#8243; text_font=&#8221;fibralight||||||||&#8221; text_font_size=&#8221;16px&#8221; width=&#8221;95%&#8221; module_alignment=&#8221;center&#8221; custom_margin=&#8221;||||false|false&#8221; custom_padding=&#8221;21px||10px|||&#8221; global_colors_info=&#8221;{}&#8221;]<\/p>\n<p style=\"text-align: center;\"><span>Encontros com regularidade semanal.<\/span><\/p>\n<p style=\"text-align: center;\"><span>Planeamento para 2026:<\/span><\/p>\n<p style=\"text-align: center;\">Ter\u00e7as-Feiras das 19h \u00e0s 21h30 em Lisboa<\/p>\n<p style=\"text-align: center;\"><span> Clica no bot\u00e3o abaixo para seres adicionad@ ao grupo WhatsApp e teres informa\u00e7\u00e3o regular e imediata:<\/span><\/p>\n<p>[\/et_pb_text][et_pb_button button_url=&#8221;https:\/\/chat.whatsapp.com\/LSWXaujFiV4BHbbfvpPqos&#8221; url_new_window=&#8221;on&#8221; button_text=&#8221;Entrar no grupo INCARNATE no WhatsApp&#8221; button_alignment=&#8221;center&#8221; _builder_version=&#8221;4.20.1&#8243; custom_button=&#8221;on&#8221; button_text_size=&#8221;16px&#8221; button_text_color=&#8221;#FFFFFF&#8221; button_bg_color=&#8221;#f88d00&#8243; button_border_width=&#8221;0px&#8221; button_border_radius=&#8221;100px&#8221; button_font=&#8221;fibralight|700|||||||&#8221; button_use_icon=&#8221;off&#8221; background_layout=&#8221;dark&#8221; custom_margin=&#8221;-19px||-3px|||&#8221; global_colors_info=&#8221;{}&#8221;][\/et_pb_button][et_pb_image src=&#8221;https:\/\/www.luis-trindade.com\/wp-content\/uploads\/2026\/04\/Silhuetas-Incarnate-em-ouro-irreconheciveis.png&#8221; title_text=&#8221;Silhuetas Incarnate em ouro irreconheciveis&#8221; _builder_version=&#8221;4.20.1&#8243; _module_preset=&#8221;default&#8221; max_width=&#8221;60%&#8221; module_alignment=&#8221;center&#8221; custom_margin=&#8221;36px||10px|||&#8221; custom_padding=&#8221;||0px|||&#8221; global_colors_info=&#8221;{}&#8221;][\/et_pb_image][et_pb_image src=&#8221;https:\/\/www.luis-trindade.com\/wp-content\/uploads\/2026\/01\/contacto-brilhante-transparente.png&#8221; title_text=&#8221;contacto brilhante transparente&#8221; _builder_version=&#8221;4.20.1&#8243; _module_preset=&#8221;default&#8221; width=&#8221;30%&#8221; module_alignment=&#8221;center&#8221; custom_padding=&#8221;||25px|||&#8221; global_colors_info=&#8221;{}&#8221;][\/et_pb_image][et_pb_text _builder_version=&#8221;4.20.1&#8243; text_font=&#8221;fibralight||||||||&#8221; text_font_size=&#8221;16px&#8221; width=&#8221;95%&#8221; module_alignment=&#8221;center&#8221; custom_margin=&#8221;29px||30px||false|false&#8221; custom_padding=&#8221;0px||0px||false|false&#8221; global_colors_info=&#8221;{}&#8221;]<\/p>\n<h6 style=\"text-align: center;\">Originado pela Alma, alicer\u00e7ado nos Corpos, enamorado dentro do Cora\u00e7\u00e3o.<\/h6>\n<h6 style=\"text-align: center;\">INCARNATE Sacred Movement, Est. 2025<\/h6>\n<p>[\/et_pb_text][\/et_pb_column][\/et_pb_row][\/et_pb_section]<\/p>\n","protected":false},"excerpt":{"rendered":"<p>INCARNATECODEXIncarnate &#8211; Espa\u00e7o Sagrado para Incarnar Cora\u00e7\u00e3o, Alma, Esp\u00edrito e Corpo. INCARNATE \u00e9 acerca de Mulheres e Homens. \u00c9 acerca de Casais. \u00c9 acerca de Fam\u00edlias. \u00c9 para Seres Humanos, desde crian\u00e7as at\u00e9\u00a0idos@s. Traz a tua fam\u00edlia, tod@s s\u00e3o bem-vind@s!\u00a0 Incarnate \u00e9 um encontro vivo \u2013 um espa\u00e7o onde cada Ser pode sentir, expressar, transformar [&hellip;]<\/p>\n","protected":false},"author":1,"featured_media":0,"parent":0,"menu_order":0,"comment_status":"closed","ping_status":"closed","template":"","meta":{"_et_pb_use_builder":"on","_et_pb_old_content":"","_et_gb_content_width":"","_joinchat":[],"footnotes":""},"_links":{"self":[{"href":"https:\/\/www.luis-trindade.com\/en\/wp-json\/wp\/v2\/pages\/3788"}],"collection":[{"href":"https:\/\/www.luis-trindade.com\/en\/wp-json\/wp\/v2\/pages"}],"about":[{"href":"https:\/\/www.luis-trindade.com\/en\/wp-json\/wp\/v2\/types\/page"}],"author":[{"embeddable":true,"href":"https:\/\/www.luis-trindade.com\/en\/wp-json\/wp\/v2\/users\/1"}],"replies":[{"embeddable":true,"href":"https:\/\/www.luis-trindade.com\/en\/wp-json\/wp\/v2\/comments?post=3788"}],"version-history":[{"count":25,"href":"https:\/\/www.luis-trindade.com\/en\/wp-json\/wp\/v2\/pages\/3788\/revisions"}],"predecessor-version":[{"id":4040,"href":"https:\/\/www.luis-trindade.com\/en\/wp-json\/wp\/v2\/pages\/3788\/revisions\/4040"}],"wp:attachment":[{"href":"https:\/\/www.luis-trindade.com\/en\/wp-json\/wp\/v2\/media?parent=3788"}],"curies":[{"name":"wp","href":"https:\/\/api.w.org\/{rel}","templated":true}]}}