{"id":3672,"date":"2025-06-25T07:23:31","date_gmt":"2025-06-25T07:23:31","guid":{"rendered":"https:\/\/www.luis-trindade.com\/?page_id=3672"},"modified":"2026-04-03T10:22:54","modified_gmt":"2026-04-03T10:22:54","slug":"incarnate","status":"publish","type":"page","link":"https:\/\/www.luis-trindade.com\/en\/incarnate\/","title":{"rendered":"Incarnate"},"content":{"rendered":"<p>[et_pb_section fb_built=&#8221;1&#8243; _builder_version=&#8221;4.20.1&#8243; _module_preset=&#8221;default&#8221; min_height=&#8221;301.9px&#8221; custom_padding=&#8221;10px||0px|||&#8221; global_colors_info=&#8221;{}&#8221;][et_pb_row _builder_version=&#8221;4.20.1&#8243; _module_preset=&#8221;default&#8221; custom_padding=&#8221;3px||12px|||&#8221; global_colors_info=&#8221;{}&#8221;][et_pb_column type=&#8221;4_4&#8243; _builder_version=&#8221;4.20.1&#8243; _module_preset=&#8221;default&#8221; global_colors_info=&#8221;{}&#8221;][et_pb_image src=&#8221;https:\/\/www.luis-trindade.com\/wp-content\/uploads\/2025\/11\/Logo-e-Lettering-fundo-Transparente-Website-1.png&#8221; title_text=&#8221;Logo e Lettering fundo Transparente Website&#8221; _builder_version=&#8221;4.20.1&#8243; _module_preset=&#8221;default&#8221; max_width=&#8221;80%&#8221; module_alignment=&#8221;center&#8221; custom_margin=&#8221;||20px|||&#8221; custom_padding=&#8221;||0px|||&#8221; global_colors_info=&#8221;{}&#8221;][\/et_pb_image][\/et_pb_column][\/et_pb_row][\/et_pb_section][et_pb_section fb_built=&#8221;1&#8243; _builder_version=&#8221;4.20.1&#8243; _module_preset=&#8221;default&#8221; min_height=&#8221;879.9px&#8221; custom_margin=&#8221;-18px||-13px|||&#8221; custom_padding=&#8221;0px||1px|||&#8221; global_colors_info=&#8221;{}&#8221;][et_pb_row _builder_version=&#8221;4.16&#8243; custom_padding=&#8221;0px||2px|||&#8221; global_colors_info=&#8221;{}&#8221;][et_pb_column type=&#8221;4_4&#8243; _builder_version=&#8221;4.16&#8243; custom_padding=&#8221;|||&#8221; global_colors_info=&#8221;{}&#8221; custom_padding__hover=&#8221;|||&#8221;][et_pb_text _builder_version=&#8221;4.20.1&#8243; text_font=&#8221;fibralight|700|||||||&#8221; text_font_size=&#8221;24px&#8221; header_font=&#8221;fibralight||||||||&#8221; header_4_font=&#8221;fibralight||||||||&#8221; header_4_font_size=&#8221;24px&#8221; text_orientation=&#8221;center&#8221; custom_margin=&#8221;10px||24px||false|false&#8221; custom_padding=&#8221;28px|||||&#8221; global_colors_info=&#8221;{}&#8221;]<\/p>\n<p>INCARNATE<\/p>\n<p>[\/et_pb_text][et_pb_text _builder_version=&#8221;4.20.1&#8243; text_font=&#8221;fibralight|700|||||||&#8221; text_font_size=&#8221;24px&#8221; header_font=&#8221;fibralight||||||||&#8221; header_4_font=&#8221;fibralight||||||||&#8221; header_4_font_size=&#8221;24px&#8221; text_orientation=&#8221;center&#8221; min_height=&#8221;26px&#8221; custom_margin=&#8221;-15px||8px|||&#8221; custom_padding=&#8221;||6px|||&#8221; global_colors_info=&#8221;{}&#8221;]<\/p>\n<h3>Movimento Sagrado<\/h3>\n<p>[\/et_pb_text][et_pb_text _builder_version=&#8221;4.20.1&#8243; text_font=&#8221;fibralight||||||||&#8221; text_font_size=&#8221;16px&#8221; width=&#8221;95%&#8221; module_alignment=&#8221;center&#8221; custom_margin=&#8221;||0px||false|false&#8221; custom_padding=&#8221;8px||2px|||&#8221; global_colors_info=&#8221;{}&#8221;]<\/p>\n<p style=\"text-align: center;\">\u00a0INCARNATE \u00e9 acerca de Mulheres e Homens. \u00c9 acerca de Casais. \u00c9 acerca de Fam\u00edlias. \u00c9 para Seres Humanos, desde crian\u00e7as at\u00e9 <a href=\"mailto:idos@s.\">idos@s.<br \/><\/a><\/p>\n<p style=\"text-align: center;\">Traz a tua fam\u00edlia, tod@s s\u00e3o bem-vind@s!\u00a0<\/p>\n<p style=\"text-align: center;\">\u00c9 um encontro vivo \u2014 o espa\u00e7o de grupo onde cada Ser pode individualmente sentir, expressar, transformar o que \u00e9 e evolu\u00edr no que est\u00e1 por incarnar dentro de si.<\/p>\n<p style=\"text-align: center;\">\u00c9 um espa\u00e7o sagrado de movimento inici\u00e1tico sem formas ou coreografias, um portal de estilo livre, espont\u00e2neo e dan\u00e7ante, assegurado pelo convite da m\u00fasica, dos corpos e da intui\u00e7\u00e3o de quem suporta este espa\u00e7o semanal.<\/p>\n<p style=\"text-align: center;\">Incarnate \u00e9 presencial porque o corpo f\u00edsico n\u00e3o atravessa integralmente online.<\/p>\n<p style=\"text-align: center;\">Este espa\u00e7o n\u00e3o \u00e9 apenas para curios@s, nem s\u00f3 para quem quer \u201cexperimentar algo diferente\u201d.<br \/>N\u00e3o \u00e9 terapia tradicional nem de qualquer outro tipo. N\u00e3o \u00e9 espiritualidade performativa.<\/p>\n<p style=\"text-align: center;\">\u00c9 tamb\u00e9m para quem sente que chegou a um ponto em que continuar desligado dos corpos j\u00e1 n\u00e3o \u00e9 op\u00e7\u00e3o.<br \/>Para quem j\u00e1 compreendeu muito\u2026 mas continua a sentir vazio, tens\u00e3o ou sil\u00eancio por dentro.<\/p>\n<p style=\"text-align: center;\">No Incarnate h\u00e1 presen\u00e7a, express\u00e3o emocional, movimento e verdade.<\/p>\n<p style=\"text-align: center;\">N\u00e3o h\u00e1 press\u00e3o para partilhar.<br \/>N\u00e3o h\u00e1 pap\u00e9is para cumprir.<br \/>Cada pessoa atravessa ao seu ritmo.<br \/>Tudo \u00e9 sustentado.<br \/>H\u00e1 ch\u00e3o.<br \/>N\u00e3o atravessas sozinh@. Vamos juntos.<\/p>\n<p style=\"text-align: center;\"><span>Para quem quer um espa\u00e7o seguro,<br \/>Para quem procura o seu prazer,<br \/><\/span><span>Para quem quer transformar a dor em cria\u00e7\u00e3o,<br \/><\/span><span>Para quem deseja conhecer mais de si.<\/span><\/p>\n<h2 style=\"text-align: center;\"><span style=\"font-size: 16px;\">Tu tamb\u00e9m podes juntar-te a esta Fam\u00edlia.<\/span><\/h2>\n<p><span style=\"font-size: 16px;\"><\/span><\/p>\n<p style=\"text-align: center;\"><span style=\"font-size: 16px;\"><span>Clica no bot\u00e3o abaixo para seres adicionad@ ao grupo WhatsApp e teres acesso regular e imediato \u00e0s informa\u00e7\u00f5es:<\/span><\/span><\/p>\n<p><span style=\"font-size: 16px;\"><span><\/span><\/span><\/p>\n<p><span style=\"font-size: 16px;\"><span><\/span><\/span><\/p>\n<p><span style=\"font-size: 16px;\"><span><\/span><\/span><\/p>\n<p>[\/et_pb_text][et_pb_button button_url=&#8221;https:\/\/chat.whatsapp.com\/LSWXaujFiV4BHbbfvpPqos&#8221; url_new_window=&#8221;on&#8221; button_text=&#8221;Entrar no grupo INCARNATE no WhatsApp&#8221; button_alignment=&#8221;center&#8221; _builder_version=&#8221;4.20.1&#8243; custom_button=&#8221;on&#8221; button_text_size=&#8221;16px&#8221; button_text_color=&#8221;#FFFFFF&#8221; button_bg_color=&#8221;#f88d00&#8243; button_border_width=&#8221;0px&#8221; button_border_radius=&#8221;100px&#8221; button_font=&#8221;fibralight|700|||||||&#8221; button_use_icon=&#8221;off&#8221; background_layout=&#8221;dark&#8221; custom_margin=&#8221;-19px||-3px|||&#8221; global_colors_info=&#8221;{}&#8221;][\/et_pb_button][et_pb_text _builder_version=&#8221;4.20.1&#8243; text_font=&#8221;fibralight||||||||&#8221; text_font_size=&#8221;16px&#8221; width=&#8221;95%&#8221; module_alignment=&#8221;center&#8221; custom_margin=&#8221;||||false|false&#8221; custom_padding=&#8221;6px||0px|||&#8221; global_colors_info=&#8221;{}&#8221;]<\/p>\n<p style=\"text-align: center;\"><span><\/span><\/p>\n<p style=\"text-align: center;\"><span>Encontros com regularidade semanal.<br \/><\/span><span><\/span><\/p>\n<p style=\"text-align: center;\"><span>Planeamento para 2026:<br \/><\/span><\/p>\n<p style=\"text-align: center;\">Ter\u00e7as-Feiras das 19h \u00e0s 21h30 Em Lisboa<\/p>\n<p style=\"text-align: center;\">\n<p style=\"text-align: center;\">N\u00e3o h\u00e1 pr\u00e9-requisitos para participar e n\u00e3o \u00e9 ainda necess\u00e1rio registo pr\u00e9vio para participar.<\/p>\n<p style=\"text-align: center;\">Valores :<br \/>Participa\u00e7\u00e3o \u00fanica &#8211; 18\u20ac. Participa\u00e7\u00e3o mensal &#8211; 50\u20ac. <br \/>Fam\u00edlias, ao participarem pelo menos dois adultos, pagam menos 20%, e adicionalmente, as crian\u00e7as n\u00e3o pagam!<br \/>E&#8230; se tens uma condi\u00e7\u00e3o financeira de baixo rendimento, o Incarnate tamb\u00e9m \u00e9 para ti!<\/p>\n<p style=\"text-align: center;\">Local: Centro Upaya<br \/>Morada: Cal\u00e7ada dos Sete Moinhos 143<br \/>Lisboa, Portugal<\/p>\n<p style=\"text-align: center;\">Traz roupas confort\u00e1veis com que possas transpirar e moveres-te livremente quer no ch\u00e3o como a dan\u00e7ar por toda a sala.<br \/>A tua garrafa de \u00e1gua \u00e9 tamb\u00e9m uma proposta importante para este espa\u00e7o.<\/p>\n<p>[\/et_pb_text][et_pb_image src=&#8221;https:\/\/www.luis-trindade.com\/wp-content\/uploads\/2026\/04\/Silhuetas-Incarnate-em-ouro-irreconheciveis.png&#8221; title_text=&#8221;Silhuetas Incarnate em ouro irreconheciveis&#8221; _builder_version=&#8221;4.20.1&#8243; _module_preset=&#8221;default&#8221; width=&#8221;50%&#8221; max_width=&#8221;70%&#8221; module_alignment=&#8221;center&#8221; custom_margin=&#8221;2px||10px|||&#8221; custom_padding=&#8221;||0px|||&#8221; global_colors_info=&#8221;{}&#8221;][\/et_pb_image][et_pb_text _builder_version=&#8221;4.20.1&#8243; text_font=&#8221;fibralight|700|||||||&#8221; text_font_size=&#8221;24px&#8221; header_font=&#8221;fibralight||||||||&#8221; header_4_font=&#8221;fibralight||||||||&#8221; header_4_font_size=&#8221;24px&#8221; text_orientation=&#8221;center&#8221; min_height=&#8221;26px&#8221; custom_margin=&#8221;4px||8px|||&#8221; custom_padding=&#8221;29px||6px|||&#8221; global_colors_info=&#8221;{}&#8221;]<\/p>\n<h3><span style=\"text-decoration: underline;\"><a href=\"https:\/\/www.luis-trindade.com\/origem-incarnate\/\" target=\"_blank\" rel=\"noopener\"><span style=\"font-size: 22px;\">Clicar para ler acerca da Origem do Incarnate<\/span><\/a><\/span><\/h3>\n<h3><\/h3>\n<p>[\/et_pb_text][et_pb_text _builder_version=&#8221;4.20.1&#8243; text_font=&#8221;fibralight|700|||||||&#8221; text_font_size=&#8221;24px&#8221; header_font=&#8221;fibralight||||||||&#8221; header_4_font=&#8221;fibralight||||||||&#8221; header_4_font_size=&#8221;24px&#8221; text_orientation=&#8221;center&#8221; min_height=&#8221;26px&#8221; custom_margin=&#8221;-15px||8px|||&#8221; custom_padding=&#8221;37px||6px|||&#8221; link_option_url=&#8221;https:\/\/www.luis-trindade.com\/incarnate-codex\/&#8221; link_option_url_new_window=&#8221;on&#8221; global_colors_info=&#8221;{}&#8221;]<\/p>\n<h3><span style=\"text-decoration: underline;\"><a href=\"https:\/\/www.luis-trindade.com\/incarnate-codex\/\" target=\"_blank\" rel=\"noopener\"><span style=\"font-size: 22px;\">Clicar para ler o Codex do Incarnate\u00a0<\/span><\/a><\/span><\/h3>\n<h3><\/h3>\n<p>[\/et_pb_text][et_pb_image src=&#8221;https:\/\/www.luis-trindade.com\/wp-content\/uploads\/2026\/01\/contacto-brilhante-transparente.png&#8221; title_text=&#8221;contacto brilhante transparente&#8221; align=&#8221;center&#8221; _builder_version=&#8221;4.20.1&#8243; _module_preset=&#8221;default&#8221; width=&#8221;30%&#8221; module_alignment=&#8221;center&#8221; custom_margin=&#8221;||6px|||&#8221; global_colors_info=&#8221;{}&#8221;][\/et_pb_image][et_pb_text _builder_version=&#8221;4.20.1&#8243; text_font=&#8221;fibralight||||||||&#8221; text_font_size=&#8221;16px&#8221; width=&#8221;95%&#8221; module_alignment=&#8221;center&#8221; custom_margin=&#8221;29px||30px||false|false&#8221; custom_padding=&#8221;0px||0px||false|false&#8221; hover_enabled=&#8221;0&#8243; global_colors_info=&#8221;{}&#8221; sticky_enabled=&#8221;0&#8243;]<\/p>\n<h6 style=\"text-align: center;\">Originado pela Alma, alicer\u00e7ado nos Corpos, enamorado dentro do Cora\u00e7\u00e3o.<br \/>INCARNATE Sacred Movement, Est. 2025<\/h6>\n<p>[\/et_pb_text][\/et_pb_column][\/et_pb_row][\/et_pb_section]<\/p>\n","protected":false},"excerpt":{"rendered":"<p>INCARNATEMovimento Sagrado\u00a0INCARNATE \u00e9 acerca de Mulheres e Homens. \u00c9 acerca de Casais. \u00c9 acerca de Fam\u00edlias. \u00c9 para Seres Humanos, desde crian\u00e7as at\u00e9 idos@s. Traz a tua fam\u00edlia, tod@s s\u00e3o bem-vind@s!\u00a0 \u00c9 um encontro vivo \u2014 o espa\u00e7o de grupo onde cada Ser pode individualmente sentir, expressar, transformar o que \u00e9 e evolu\u00edr no que [&hellip;]<\/p>\n","protected":false},"author":1,"featured_media":0,"parent":0,"menu_order":0,"comment_status":"closed","ping_status":"closed","template":"","meta":{"_et_pb_use_builder":"on","_et_pb_old_content":"","_et_gb_content_width":"","_joinchat":[],"footnotes":""},"_links":{"self":[{"href":"https:\/\/www.luis-trindade.com\/en\/wp-json\/wp\/v2\/pages\/3672"}],"collection":[{"href":"https:\/\/www.luis-trindade.com\/en\/wp-json\/wp\/v2\/pages"}],"about":[{"href":"https:\/\/www.luis-trindade.com\/en\/wp-json\/wp\/v2\/types\/page"}],"author":[{"embeddable":true,"href":"https:\/\/www.luis-trindade.com\/en\/wp-json\/wp\/v2\/users\/1"}],"replies":[{"embeddable":true,"href":"https:\/\/www.luis-trindade.com\/en\/wp-json\/wp\/v2\/comments?post=3672"}],"version-history":[{"count":65,"href":"https:\/\/www.luis-trindade.com\/en\/wp-json\/wp\/v2\/pages\/3672\/revisions"}],"predecessor-version":[{"id":4039,"href":"https:\/\/www.luis-trindade.com\/en\/wp-json\/wp\/v2\/pages\/3672\/revisions\/4039"}],"wp:attachment":[{"href":"https:\/\/www.luis-trindade.com\/en\/wp-json\/wp\/v2\/media?parent=3672"}],"curies":[{"name":"wp","href":"https:\/\/api.w.org\/{rel}","templated":true}]}}