{"id":1961,"date":"2020-04-25T11:30:37","date_gmt":"2020-04-25T11:30:37","guid":{"rendered":"https:\/\/www.luis-trindade.com\/?page_id=1961"},"modified":"2026-03-11T17:05:08","modified_gmt":"2026-03-11T17:05:08","slug":"o-meu-sonho","status":"publish","type":"page","link":"https:\/\/www.luis-trindade.com\/en\/o-meu-sonho\/","title":{"rendered":"My dream"},"content":{"rendered":"<p>[et_pb_section fb_built=&#8221;1&#8243; fullwidth=&#8221;on&#8221; admin_label=&#8221;Hero&#8221; _builder_version=&#8221;4.16&#8243; background_image=&#8221;https:\/\/www.luis-trindade.com\/wp-content\/uploads\/2020\/11\/Praia-Aguda-20200926_26-Rev-scaled.jpg&#8221; global_colors_info=&#8221;{}&#8221;][et_pb_fullwidth_header title=&#8221;O meu sonho&#8221; subhead=&#8221;Vers\u00e3o integral&#8221; text_orientation=&#8221;center&#8221; content_max_width=&#8221;700px&#8221; _builder_version=&#8221;4.16&#8243; title_font=&#8221;fibralight||||||||&#8221; title_text_align=&#8221;left&#8221; title_font_size=&#8221;40px&#8221; title_line_height=&#8221;1.5em&#8221; content_font=&#8221;fibralight|600|||||||&#8221; content_font_size=&#8221;16px&#8221; content_letter_spacing=&#8221;1px&#8221; subhead_font=&#8221;fibralight||||||||&#8221; subhead_text_align=&#8221;left&#8221; subhead_font_size=&#8221;24px&#8221; subhead_line_height=&#8221;1.8em&#8221; background_color=&#8221;rgba(0,0,0,0)&#8221; use_background_color_gradient=&#8221;on&#8221; background_color_gradient_direction=&#8221;220deg&#8221; background_color_gradient_stops=&#8221;rgba(53,80,160,0.27) 40%|#3a677d 100%&#8221; background_color_gradient_overlays_image=&#8221;on&#8221; background_color_gradient_start=&#8221;rgba(53,80,160,0.27)&#8221; background_color_gradient_start_position=&#8221;40%&#8221; background_color_gradient_end=&#8221;#3a677d&#8221; custom_button_one=&#8221;on&#8221; button_one_text_size=&#8221;16px&#8221; button_one_text_color=&#8221;#3550a0&#8243; button_one_bg_color=&#8221;#ffffff&#8221; button_one_border_width=&#8221;10px&#8221; button_one_border_color=&#8221;rgba(210,159,104,0)&#8221; button_one_border_radius=&#8221;100px&#8221; button_one_font=&#8221;fibralight|900|||||||&#8221; button_one_use_icon=&#8221;off&#8221; custom_button_two=&#8221;on&#8221; button_two_text_size=&#8221;16px&#8221; button_two_text_color=&#8221;#ffffff&#8221; button_two_bg_color=&#8221;#3a677d&#8221; button_two_border_width=&#8221;10px&#8221; button_two_border_color=&#8221;rgba(210,159,104,0)&#8221; button_two_border_radius=&#8221;100px&#8221; button_two_font=&#8221;fibralight|900|||||||&#8221; button_two_use_icon=&#8221;off&#8221; width=&#8221;100%&#8221; custom_margin=&#8221;||-29px|||&#8221; custom_padding=&#8221;13vw||11vw||false|&#8221; custom_padding_tablet=&#8221;20vw||20vw||true&#8221; custom_padding_phone=&#8221;20vw||20vw||true&#8221; custom_padding_last_edited=&#8221;on|desktop&#8221; title_font_size_tablet=&#8221;50px&#8221; title_font_size_phone=&#8221;32px&#8221; title_font_size_last_edited=&#8221;on|tablet&#8221; button_one_text_color_hover=&#8221;#3550a0&#8243; button_two_text_color_hover=&#8221;#ffffff&#8221; button_one_bg_color_hover=&#8221;rgba(255,255,255,0.8)&#8221; button_two_bg_color_hover=&#8221;rgba(255,255,255,0.3)&#8221; global_colors_info=&#8221;{}&#8221; button_one_text_size__hover_enabled=&#8221;off&#8221; button_two_text_size__hover_enabled=&#8221;off&#8221; button_one_text_color__hover_enabled=&#8221;on|desktop&#8221; button_one_text_color__hover=&#8221;#73c6cb&#8221; button_two_text_color__hover_enabled=&#8221;on|desktop&#8221; button_two_text_color__hover=&#8221;#ffffff&#8221; button_one_border_width__hover_enabled=&#8221;off&#8221; button_two_border_width__hover_enabled=&#8221;off&#8221; button_one_border_color__hover_enabled=&#8221;off&#8221; button_two_border_color__hover_enabled=&#8221;off&#8221; button_one_border_radius__hover_enabled=&#8221;off&#8221; button_two_border_radius__hover_enabled=&#8221;off&#8221; button_one_letter_spacing__hover_enabled=&#8221;off&#8221; button_two_letter_spacing__hover_enabled=&#8221;off&#8221; button_one_bg_color__hover_enabled=&#8221;on|hover&#8221; button_one_bg_color__hover=&#8221;#b6dcce&#8221; button_two_bg_color__hover_enabled=&#8221;on|desktop&#8221; button_two_bg_color__hover=&#8221;#73c6cb&#8221; button_one_bg_enable_color__hover=&#8221;on&#8221; button_two_bg_enable_color__hover=&#8221;on&#8221;][\/et_pb_fullwidth_header][\/et_pb_section][et_pb_section fb_built=&#8221;1&#8243; admin_label=&#8221;Contact&#8221; _builder_version=&#8221;4.16&#8243; custom_margin=&#8221;|||&#8221; custom_padding=&#8221;110px|0px|23px|0px|false|false&#8221; global_colors_info=&#8221;{}&#8221;][et_pb_row custom_padding_last_edited=&#8221;on|phone&#8221; _builder_version=&#8221;4.20.1&#8243; background_enable_color=&#8221;off&#8221; use_background_color_gradient=&#8221;on&#8221; background_color_gradient_stops=&#8221;#f88d00 0%|#73c6cb 66%|#3a677d 98%&#8221; background_color_gradient_start=&#8221;#3a677d&#8221; background_color_gradient_start_position=&#8221;70%&#8221; background_color_gradient_end=&#8221;rgba(0,0,0,0)&#8221; min_height=&#8221;220px&#8221; custom_margin=&#8221;-173px|auto|49px|auto||&#8221; custom_margin_tablet=&#8221;0px|||&#8221; custom_margin_phone=&#8221;|||&#8221; custom_margin_last_edited=&#8221;on|tablet&#8221; custom_padding=&#8221;38px|4%|38px|4%|true|true&#8221; custom_padding_tablet=&#8221;|50px||50px||true&#8221; custom_padding_phone=&#8221;24px|24px|24px|24px|true|true&#8221; animation_style=&#8221;zoom&#8221; animation_intensity_zoom=&#8221;2%&#8221; box_shadow_style=&#8221;preset3&#8243; box_shadow_vertical=&#8221;100px&#8221; box_shadow_blur=&#8221;100px&#8221; box_shadow_spread=&#8221;-60px&#8221; global_colors_info=&#8221;{}&#8221;][et_pb_column type=&#8221;4_4&#8243; _builder_version=&#8221;4.16&#8243; custom_padding=&#8221;|||&#8221; global_colors_info=&#8221;{}&#8221; custom_padding__hover=&#8221;|||&#8221;][et_pb_text _builder_version=&#8221;4.20.1&#8243; text_font=&#8221;fibralight||||||||&#8221; text_text_color=&#8221;#ffffff&#8221; background_enable_color=&#8221;off&#8221; use_background_color_gradient=&#8221;on&#8221; background_color_gradient_stops=&#8221;#f88d00 0%|#73c6cb 66%|#3a677d 98%&#8221; background_color_gradient_start=&#8221;#3a677d&#8221; background_color_gradient_start_position=&#8221;59%&#8221; background_color_gradient_end=&#8221;rgba(0,0,0,0)&#8221; text_orientation=&#8221;justified&#8221; background_layout=&#8221;dark&#8221; width=&#8221;100%&#8221; module_alignment=&#8221;center&#8221; min_height=&#8221;946px&#8221; custom_margin=&#8221;1px||5px||false|false&#8221; custom_padding=&#8221;|50px|30px|50px|false|false&#8221; global_colors_info=&#8221;{}&#8221;]<\/p>\n<h2><\/h2>\n<h2>O meu Sonho<\/h2>\n<p>&nbsp;<\/p>\n<p>Que hajam fam\u00edlias saud\u00e1veis e unidas.<br \/>Que existam Centros de Cura Familiares com diversas pr\u00e1ticas, metodologias, terapias e profissionais conectad@s com este sonho.<\/p>\n<p>Que os casais ultrapassem as dificuldades juntos.<\/p>\n<p>Que fam\u00edlias e casais possam ter fric\u00e7\u00f5es e que isso n\u00e3o cause separa\u00e7\u00e3o necessariamente. Que os confrontos possam ser resolvidos, que as diferen\u00e7as sejam alavanca para crescimento conjunto, que a resson\u00e2ncia e similiaridade sejam momentos de integra\u00e7\u00e3o em amor.<\/p>\n<p>Que as crian\u00e7as tenham fam\u00edlias. Que as fam\u00edlias sejam maiores e mais abrangentes. Que cada quarto ou casa de quatro paredes possam colapsar para dar lugar a fam\u00edlias juntas, vis\u00edveis, amorosas e lado a lado.<\/p>\n<p><span>Que se possa ver fora a beleza e o belo, permitindo-nos aceder a ambos dentro de n\u00f3s, podendo assim viver em presen\u00e7a e perman\u00eancia da exist\u00eancia essencial da mesma forma.<\/span><\/p>\n<p><span>Que a sa\u00fade individual e global seja algo a atingir e a usufruir por factores\u00a0e est\u00e1gios de cont\u00e1gio em vibra\u00e7\u00f5es e emo\u00e7\u00f5es individuais e resson\u00e2ncias comuns a partir de lugares em que possa existir expans\u00e3o e colectiva\u00a0eleva\u00e7\u00e3o social e humana.<\/span><\/p>\n<p><span>Que o corpo possa ser considerado como o mensageiro e a partir dele a comunica\u00e7\u00e3o dentro possa percepcionar o que vai fora de forma a ser ainda mais corpo por dentro, alinhando o movimento interior ao exterior, permitindo manter o equil\u00edbrio interior para a melhor reac\u00e7\u00e3o f\u00edsica e qu\u00edmica, atingindo o prop\u00f3sito sist\u00e9mico inicial da sua exist\u00eancia.<\/span><\/p>\n<p><span>Que haja presen\u00e7a e estar em liga\u00e7\u00f5es humanas a fim de permitir que nos possamos desenvolver em conjunto colaborativa e individualmente para podermos ao final de cada momento de reflex\u00e3o perceber o mais que temos e fazemos apenas em estado de perceber o que \u00e9 isso do Ser.<\/span><\/p>\n<p><span>Que a express\u00e3o e comunica\u00e7\u00e3o humana seja cuidada e aut\u00eantica, clara e genu\u00edna, assegurada que as mensagens que passam sejam instigadas a partir de lugares como amor e compaix\u00e3o.<\/span><\/p>\n<p><span>Que nas organiza\u00e7\u00f5es e empresas as pessoas possam vivenciar alegremente a sua estadia e realizar as suas tarefas a partir do seu prop\u00f3sito, perto de lugares interiores emocional e fisicamente saud\u00e1veis e capazes de proporcionar bem-estar a quem trabalha a seu lado e a quem \u00e9 afectado apenas pela produ\u00e7\u00e3o de valores e bens comuns.<\/span><\/p>\n<p><span>Que os valores produzidos, quer materiais ou imateriais possam ser propuls\u00e3o e aproveitamento para bem do todo inerente \u00e0 humanidade em que se insere, a fim de que cada individuo possa usufruir da sua estadia e passagem neste espa\u00e7o comum de forma a que a sua contribui\u00e7\u00e3o possa ser possibilitante de gera\u00e7\u00f5es que usufruam de vida em prazer, alegria, paz, compaix\u00e3o e amor.<\/span><\/p>\n<p><span>Que a energia e as part\u00edculas de mat\u00e9ria das quais somos compostos possam alinhar a preserva\u00e7\u00e3o na partilha com a composi\u00e7\u00e3o do nosso planeta e possamos usufruir como parte deste sistema ao equilibrar a calibra\u00e7\u00e3o e regula\u00e7\u00e3o pela qual somos compostos pelo todo do qual fazemos parte, permitindo-nos fluir na d\u00e1diva da presen\u00e7a e exist\u00eancia na condi\u00e7\u00e3o que nos \u00e9 agraciada.<\/span><\/p>\n<p><span>Que a partir do amor e para o amor nos realizemos como seres human@s melhores e mais plen@s de momentos de felicidade e realiza\u00e7\u00e3o essencial e existencial.<\/span><span><\/span><\/p>\n<p style=\"text-align: center;\">\n<p>[\/et_pb_text][et_pb_button button_url=&#8221;@ET-DC@eyJkeW5hbWljIjp0cnVlLCJjb250ZW50IjoicG9zdF9saW5rX3VybF9wYWdlIiwic2V0dGluZ3MiOnsicG9zdF9pZCI6IjIwMyJ9fQ==@&#8221; button_text=&#8221;Entra em contacto&#8221; button_alignment=&#8221;center&#8221; _builder_version=&#8221;4.20.1&#8243; _dynamic_attributes=&#8221;button_url&#8221; custom_button=&#8221;on&#8221; button_text_color=&#8221;#FFFFFF&#8221; button_bg_color=&#8221;#f88d00&#8243; button_border_color=&#8221;#f88d00&#8243; button_border_radius=&#8221;100px&#8221; button_font=&#8221;fibralight||||||||&#8221; button_use_icon=&#8221;off&#8221; custom_margin=&#8221;35px||||false|false&#8221; global_colors_info=&#8221;{}&#8221;][\/et_pb_button][\/et_pb_column][\/et_pb_row][\/et_pb_section][et_pb_section fb_built=&#8221;1&#8243; specialty=&#8221;on&#8221; padding_2_tablet=&#8221;60px|50px|60px|50px|true|true&#8221; admin_label=&#8221;Footer&#8221; _builder_version=&#8221;4.16&#8243; background_color_gradient_direction=&#8221;90deg&#8221; min_height=&#8221;543px&#8221; custom_margin=&#8221;||6px|||&#8221; custom_padding=&#8221;2px||20px|||&#8221; global_colors_info=&#8221;{}&#8221;][et_pb_column type=&#8221;1_2&#8243; specialty_columns=&#8221;2&#8243; _builder_version=&#8221;4.16&#8243; custom_padding=&#8221;|||&#8221; global_colors_info=&#8221;{}&#8221; custom_padding__hover=&#8221;|||&#8221;][et_pb_row_inner _builder_version=&#8221;4.20.1&#8243; custom_padding=&#8221;||||false|false&#8221; hover_enabled=&#8221;0&#8243; global_colors_info=&#8221;{}&#8221; custom_margin=&#8221;34px||||false|false&#8221; sticky_enabled=&#8221;0&#8243;][et_pb_column_inner saved_specialty_column_type=&#8221;1_2&#8243; _builder_version=&#8221;4.16&#8243; custom_padding=&#8221;|||&#8221; global_colors_info=&#8221;{}&#8221; custom_padding__hover=&#8221;|||&#8221;][et_pb_text _builder_version=&#8221;4.20.1&#8243; text_font=&#8221;fibralight|700|||||||&#8221; text_font_size=&#8221;24px&#8221; header_font=&#8221;fibralight||||||||&#8221; header_4_font=&#8221;fibralight||||||||&#8221; header_4_font_size=&#8221;24px&#8221; text_orientation=&#8221;center&#8221; min_height=&#8221;26px&#8221; custom_margin=&#8221;||10px|||&#8221; custom_padding=&#8221;||12px|||&#8221; global_colors_info=&#8221;{}&#8221;]<\/p>\n<h2><strong>Redes sociais<\/strong><\/h2>\n<p>[\/et_pb_text][et_pb_social_media_follow _builder_version=&#8221;4.20.1&#8243; text_orientation=&#8221;center&#8221; global_colors_info=&#8221;{}&#8221;][et_pb_social_media_follow_network social_network=&#8221;facebook&#8221; url=&#8221;https:\/\/www.facebook.com\/LuisMiguelTrindadeCreativeLifeChange\/&#8221; _builder_version=&#8221;4.20.1&#8243; background_color=&#8221;#3b5998&#8243; global_colors_info=&#8221;{}&#8221; follow_button=&#8221;off&#8221; url_new_window=&#8221;on&#8221;]facebook[\/et_pb_social_media_follow_network][et_pb_social_media_follow_network social_network=&#8221;instagram&#8221; url=&#8221;https:\/\/www.instagram.com\/luistrindade.pt\/&#8221; _builder_version=&#8221;4.16&#8243; background_color=&#8221;#ea2c59&#8243; global_colors_info=&#8221;{}&#8221; follow_button=&#8221;off&#8221; url_new_window=&#8221;on&#8221;]instagram[\/et_pb_social_media_follow_network][et_pb_social_media_follow_network social_network=&#8221;linkedin&#8221; url=&#8221;https:\/\/www.linkedin.com\/in\/luismtrindade&#8221; _builder_version=&#8221;4.16&#8243; background_color=&#8221;#007bb6&#8243; global_colors_info=&#8221;{}&#8221; follow_button=&#8221;off&#8221; url_new_window=&#8221;on&#8221;]linkedin[\/et_pb_social_media_follow_network][et_pb_social_media_follow_network social_network=&#8221;youtube&#8221; url=&#8221;https:\/\/www.youtube.com\/channel\/UCq5LmQDFYQpAi5v5Y318Ghw&#8221; _builder_version=&#8221;4.16&#8243; background_color=&#8221;#a82400&#8243; global_colors_info=&#8221;{}&#8221; follow_button=&#8221;off&#8221; url_new_window=&#8221;on&#8221;]youtube[\/et_pb_social_media_follow_network][\/et_pb_social_media_follow][et_pb_text _builder_version=&#8221;4.20.1&#8243; text_font=&#8221;fibralight|700|||||||&#8221; text_font_size=&#8221;24px&#8221; header_font=&#8221;fibralight||||||||&#8221; header_4_font=&#8221;fibralight||||||||&#8221; header_4_font_size=&#8221;24px&#8221; text_orientation=&#8221;center&#8221; min_height=&#8221;26px&#8221; custom_margin=&#8221;||10px|||&#8221; global_colors_info=&#8221;{}&#8221;]<\/p>\n<p>Love letter &#8220;Mulheres e Homens&#8221;<\/p>\n<p>[\/et_pb_text][et_pb_text _builder_version=&#8221;4.20.1&#8243; text_font=&#8221;fibralight||||||||&#8221; text_font_size=&#8221;16px&#8221; custom_margin=&#8221;16px|||||&#8221; global_colors_info=&#8221;{}&#8221;]<\/p>\n<p style=\"text-align: center;\">Subscrever a Love letter com envios regulares.<\/p>\n<p style=\"text-align: center;\">Os teus dados nunca ser\u00e3o fornecidos a outr@s, eu prezo a tua privacidade.<\/p>\n<p style=\"text-align: center;\">O tratamento dos teus dados ser\u00e1 efectuado conforme definido na<br \/><span style=\"text-decoration: underline;\"><a href=\"https:\/\/www.luis-trindade.com\/politica-de-privacidade\/\" target=\"_blank\" rel=\"noopener noreferrer\">Pol\u00edtica de privacidade<\/a><\/span>.<\/p>\n<p>[\/et_pb_text][et_pb_button button_url=&#8221;https:\/\/www.luis-trindade.com\/contactos\/#subscrevernewsletter&#8221; url_new_window=&#8221;on&#8221; button_text=&#8221;Subscrever aqui&#8221; button_alignment=&#8221;center&#8221; _builder_version=&#8221;4.20.1&#8243; custom_button=&#8221;on&#8221; button_text_color=&#8221;#FFFFFF&#8221; button_bg_color=&#8221;#f88d00&#8243; button_border_width=&#8221;0px&#8221; button_border_radius=&#8221;100px&#8221; button_font=&#8221;fibralight|700|||||||&#8221; button_use_icon=&#8221;off&#8221; background_layout=&#8221;dark&#8221; custom_margin=&#8221;-11px||37px|||&#8221; global_colors_info=&#8221;{}&#8221;][\/et_pb_button][\/et_pb_column_inner][\/et_pb_row_inner][\/et_pb_column][et_pb_column type=&#8221;1_2&#8243; _builder_version=&#8221;4.16&#8243; custom_padding=&#8221;|||&#8221; global_colors_info=&#8221;{}&#8221; padding_tablet=&#8221;60px|50px|60px|50px|true|true&#8221; custom_padding__hover=&#8221;|||&#8221;][et_pb_text _builder_version=&#8221;4.20.1&#8243; _dynamic_attributes=&#8221;link_option_url&#8221; text_font=&#8221;fibralight||||||||&#8221; text_text_color=&#8221;#FFFFFF&#8221; text_font_size=&#8221;17px&#8221; text_line_height=&#8221;1.9em&#8221; link_font=&#8221;fibralight||||||||&#8221; link_text_color=&#8221;#FFFFFF&#8221; ul_font=&#8221;fibralight||||||||&#8221; ol_font=&#8221;||||||||&#8221; quote_font=&#8221;||||||||&#8221; header_font=&#8221;fibralight||||||||&#8221; header_text_color=&#8221;#FFFFFF&#8221; header_font_size=&#8221;40px&#8221; header_2_font=&#8221;fibralight||||||||&#8221; header_2_text_color=&#8221;#FFFFFF&#8221; header_2_font_size=&#8221;40px&#8221; header_2_line_height=&#8221;1.5em&#8221; header_3_font=&#8221;||||||||&#8221; header_3_text_color=&#8221;#FFFFFF&#8221; header_4_font=&#8221;fibralight|700|||||||&#8221; header_4_text_color=&#8221;#FFFFFF&#8221; header_4_font_size=&#8221;16px&#8221; header_4_line_height=&#8221;1.5em&#8221; header_5_text_color=&#8221;#3A677D&#8221; header_6_text_color=&#8221;#3A677D&#8221; background_enable_color=&#8221;off&#8221; background_layout=&#8221;dark&#8221; width=&#8221;75%&#8221; module_alignment=&#8221;center&#8221; custom_margin=&#8221;|||&#8221; custom_padding=&#8221;||||true|true&#8221; link_option_url=&#8221;@ET-DC@eyJkeW5hbWljIjp0cnVlLCJjb250ZW50IjoicG9zdF9saW5rX3VybF9wYWdlIiwic2V0dGluZ3MiOnsicG9zdF9pZCI6IjIwMyJ9fQ==@&#8221; link_option_url_new_window=&#8221;on&#8221; header_font_size_tablet=&#8221;30px&#8221; header_font_size_phone=&#8221;24px&#8221; header_font_size_last_edited=&#8221;on|phone&#8221; header_2_font_size_tablet=&#8221;30px&#8221; header_2_font_size_phone=&#8221;&#8221; header_2_font_size_last_edited=&#8221;on|tablet&#8221; box_shadow_style=&#8221;preset3&#8243; box_shadow_vertical=&#8221;0px&#8221; box_shadow_blur=&#8221;0px&#8221; box_shadow_spread=&#8221;0px&#8221; global_colors_info=&#8221;{}&#8221;]<\/p>\n<p><img loading=\"lazy\" decoding=\"async\" src=\"https:\/\/www.luis-trindade.com\/wp-content\/uploads\/2026\/01\/contacto-brilhante-transparente.png\" width=\"1024\" height=\"1024\" alt=\"\" class=\"wp-image-3916 alignnone size-full\" srcset=\"https:\/\/www.luis-trindade.com\/wp-content\/uploads\/2026\/01\/contacto-brilhante-transparente.png 1024w, https:\/\/www.luis-trindade.com\/wp-content\/uploads\/2026\/01\/contacto-brilhante-transparente-980x980.png 980w, https:\/\/www.luis-trindade.com\/wp-content\/uploads\/2026\/01\/contacto-brilhante-transparente-480x480.png 480w\" sizes=\"(min-width: 0px) and (max-width: 480px) 480px, (min-width: 481px) and (max-width: 980px) 980px, (min-width: 981px) 1024px, 100vw\" \/><\/p>\n<p>[\/et_pb_text][\/et_pb_column][\/et_pb_section]<\/p>\n","protected":false},"excerpt":{"rendered":"<p>Lu\u00eds Trindade &#8211; Creative Life Change<\/p>","protected":false},"author":1,"featured_media":460,"parent":0,"menu_order":0,"comment_status":"closed","ping_status":"closed","template":"","meta":{"_et_pb_use_builder":"on","_et_pb_old_content":"","_et_gb_content_width":"","_joinchat":[],"footnotes":""},"_links":{"self":[{"href":"https:\/\/www.luis-trindade.com\/en\/wp-json\/wp\/v2\/pages\/1961"}],"collection":[{"href":"https:\/\/www.luis-trindade.com\/en\/wp-json\/wp\/v2\/pages"}],"about":[{"href":"https:\/\/www.luis-trindade.com\/en\/wp-json\/wp\/v2\/types\/page"}],"author":[{"embeddable":true,"href":"https:\/\/www.luis-trindade.com\/en\/wp-json\/wp\/v2\/users\/1"}],"replies":[{"embeddable":true,"href":"https:\/\/www.luis-trindade.com\/en\/wp-json\/wp\/v2\/comments?post=1961"}],"version-history":[{"count":20,"href":"https:\/\/www.luis-trindade.com\/en\/wp-json\/wp\/v2\/pages\/1961\/revisions"}],"predecessor-version":[{"id":4004,"href":"https:\/\/www.luis-trindade.com\/en\/wp-json\/wp\/v2\/pages\/1961\/revisions\/4004"}],"wp:featuredmedia":[{"embeddable":true,"href":"https:\/\/www.luis-trindade.com\/en\/wp-json\/wp\/v2\/media\/460"}],"wp:attachment":[{"href":"https:\/\/www.luis-trindade.com\/en\/wp-json\/wp\/v2\/media?parent=1961"}],"curies":[{"name":"wp","href":"https:\/\/api.w.org\/{rel}","templated":true}]}}