{"id":1927,"date":"2020-04-25T11:06:16","date_gmt":"2020-04-25T11:06:16","guid":{"rendered":"https:\/\/www.luis-trindade.com\/?page_id=1927"},"modified":"2026-03-11T17:03:31","modified_gmt":"2026-03-11T17:03:31","slug":"a-minha-historia","status":"publish","type":"page","link":"https:\/\/www.luis-trindade.com\/en\/a-minha-historia\/","title":{"rendered":"My story"},"content":{"rendered":"<p>[et_pb_section fb_built=&#8221;1&#8243; fullwidth=&#8221;on&#8221; admin_label=&#8221;Hero&#8221; _builder_version=&#8221;4.20.1&#8243; background_image=&#8221;https:\/\/www.luis-trindade.com\/wp-content\/uploads\/2020\/11\/Estoril-21082020-864-_300dpi-scaled.jpg&#8221; parallax=&#8221;on&#8221; custom_margin=&#8221;0px||||false|false&#8221; custom_padding=&#8221;||520px||false|false&#8221; global_colors_info=&#8221;{}&#8221;][\/et_pb_section][et_pb_section fb_built=&#8221;1&#8243; _builder_version=&#8221;4.20.1&#8243; _module_preset=&#8221;default&#8221; global_colors_info=&#8221;{}&#8221;][et_pb_row _builder_version=&#8221;4.20.1&#8243; _module_preset=&#8221;default&#8221; global_colors_info=&#8221;{}&#8221;][et_pb_column type=&#8221;4_4&#8243; _builder_version=&#8221;4.20.1&#8243; _module_preset=&#8221;default&#8221; global_colors_info=&#8221;{}&#8221;][\/et_pb_column][\/et_pb_row][\/et_pb_section][et_pb_section fb_built=&#8221;1&#8243; admin_label=&#8221;Contact&#8221; _builder_version=&#8221;4.20.1&#8243; custom_margin=&#8221;0px||||false|false&#8221; custom_padding=&#8221;200px|0px|0px|0px|false|false&#8221; global_colors_info=&#8221;{}&#8221;][et_pb_row custom_padding_last_edited=&#8221;on|phone&#8221; _builder_version=&#8221;4.20.1&#8243; background_enable_color=&#8221;off&#8221; use_background_color_gradient=&#8221;on&#8221; background_color_gradient_stops=&#8221;#f88d00 0%|#73c6cb 66%|#3a677d 98%&#8221; min_height=&#8221;131px&#8221; custom_margin=&#8221;-772px|auto|49px|44px||&#8221; custom_margin_tablet=&#8221;0px|||&#8221; custom_margin_phone=&#8221;|||&#8221; custom_margin_last_edited=&#8221;on|tablet&#8221; custom_padding=&#8221;17px|4%|17px|4%|true|false&#8221; custom_padding_tablet=&#8221;|50px||50px||true&#8221; custom_padding_phone=&#8221;24px|24px|24px|24px|true|true&#8221; animation_style=&#8221;zoom&#8221; animation_intensity_zoom=&#8221;2%&#8221; box_shadow_style=&#8221;preset3&#8243; box_shadow_vertical=&#8221;100px&#8221; box_shadow_blur=&#8221;100px&#8221; box_shadow_spread=&#8221;-60px&#8221; global_colors_info=&#8221;{}&#8221;][et_pb_column type=&#8221;4_4&#8243; _builder_version=&#8221;4.16&#8243; custom_padding=&#8221;|||&#8221; global_colors_info=&#8221;{}&#8221; custom_padding__hover=&#8221;|||&#8221;][et_pb_text _builder_version=&#8221;4.20.1&#8243; text_font=&#8221;fibralight||||||||&#8221; text_text_color=&#8221;#ffffff&#8221; background_enable_color=&#8221;off&#8221; use_background_color_gradient=&#8221;on&#8221; background_color_gradient_stops=&#8221;#f88d00 0%|#73c6cb 66%|#3a677d 98%&#8221; background_color_gradient_start=&#8221;#3a677d&#8221; background_color_gradient_start_position=&#8221;59%&#8221; background_color_gradient_end=&#8221;rgba(0,0,0,0)&#8221; text_orientation=&#8221;justified&#8221; background_layout=&#8221;dark&#8221; width=&#8221;100%&#8221; module_alignment=&#8221;center&#8221; min_height=&#8221;1000px&#8221; custom_margin=&#8221;-410px||12px||false|false&#8221; custom_padding=&#8221;|50px|10px|50px|false|false&#8221; global_colors_info=&#8221;{}&#8221;]<\/p>\n<h2 style=\"text-align: justify;\"><\/h2>\n<h2 style=\"text-align: justify;\"><\/h2>\n<h2 style=\"text-align: justify;\">A minha hist\u00f3ria<\/h2>\n<p style=\"text-align: justify;\"><span><\/span><\/p>\n<p style=\"text-align: justify;\"><span>Antes de mim vieram ensinar-me milhares de professores, formadores, treinadores, mestres, mentores e seres humanos que foram fontes de inspira\u00e7\u00e3o para o que eu sou hoje. <br \/>A todos eles e a todas Elas, presto honra por me terem trazido o que o eu mais precisava em cada um dos momentos de intera\u00e7\u00e3o com cada uma e cada um.<\/span><\/p>\n<p style=\"text-align: justify;\"><span>Adoro Emo\u00e7\u00f5es e Sentimentos. Desde pequeno sou observador, emp\u00e1tico, criativo e incisivo.<\/span><\/p>\n<p>Tenho um olho cir\u00fargico para o que est\u00e1 a acontecer realmente &#8211; Sou ex\u00edmio a mostrar o X No mapa interior de cada um@ dos Seres Human@s com quem me cruzo. Depois de cada um@ saber mais de onde est\u00e1, basta encontrar a pr\u00f3xima sa\u00edda. E h\u00e1 muitas portas por perto.<\/p>\n<p><span>Acompanho e co-crio mudan\u00e7a em mim e n@s outr@s. Os meus processos de mudan\u00e7a existem inevitavelmente pela minha pr\u00f3pria necessidade. Mudan\u00e7as de vida s\u00e3o algo a que me habituei a fazer com regularidade e a acompanhar de perto nas outras pessoas. <\/span><\/p>\n<p><span>Sou um convite \u00e0 mudan\u00e7a. No meu trajecto percebi que sou apaixonado por observar, acompanhar, transformar e fazer parte dos processos intensamente. Aprecio verdadeiramente o decorrer e o desfecho dos processos de transforma\u00e7\u00e3o. \u00c9 exatamente a\u00ed que me sinto mais real e onde descubro mais acerca de mim mesmo.<br \/><\/span>\u00c9 nesta for\u00e7a vital de criar algo novo que tenho a sensa\u00e7\u00e3o de me sentir bem e com um prop\u00f3sito. O fazer parte do in\u00edcio de algo \u00e9 significativo, o acompanhar algo at\u00e9 que se materialize \u00e9 ext\u00e1tico e os fechos de ciclo s\u00e3o uma celebra\u00e7\u00e3o que me enraiza.<span><\/span><\/p>\n<p style=\"text-align: justify;\">Na pr\u00e1tica nem sempre fui aut\u00eantico, real e muito menos congruente. H\u00e1 alguns anos era revoltado e tinha frustra\u00e7\u00e3o e n\u00e3o me aceitava a mim pr\u00f3prio por agir assim. O meu comportamento era tamb\u00e9m em conformidade. Vivia em loops. Tinha tudo para ser feliz, mas n\u00e3o vivia essa hist\u00f3ria, achava que n\u00e3o era.<br \/>O que eu sou agora transparece com mais clareza e o que eu fa\u00e7o transparece no que sou.<\/p>\n<p style=\"text-align: justify;\">O meu tema comigo mesmo come\u00e7ou quando me apercebi que tinha medo de lidar com o mundo em geral. Com as pessoas. De dizer o que pensava, por medo de ser castigado ou confrontado. Trazia isso para as minhas rela\u00e7\u00f5es rom\u00e2nticas e quando me relacionava com a fam\u00edlia. Dentro da a\u00b4rea profissional tamb\u00e9m isso estava presente em mim. Eu tinha que me esfor\u00e7ar por mostrar o que fazia e como fazia, com fraca auto-estima. Parecia que tinha de provar algo a algu\u00e9m. Tentei resolver vezes sem conta isto dentro de mim. N\u00e3o aparecia nada de novo e focava apenas na direc\u00e7\u00e3o dos \u2018problemas\u2019. Tantas vezes que me queria afastar do que sentia dentro de mim e essa informa\u00e7\u00e3o e energia seguia-me insistentemente at\u00e9 me dizer porque n\u00e3o se tinha ido embora ainda.<\/p>\n<p style=\"text-align: justify;\">Passava dias a ouvir e a aprender, muito mais do que a falar. Percebi tamb\u00e9m ao longo dos anos que al\u00e9m de observar era bom noutra compet\u00eancia \u2013 relacionar-me com as pessoas de forma muito pr\u00f3xima at\u00e9 que por vezes se tornava quase insuport\u00e1vel para essa pessoa, afinal, muita intimidade pode ser muito intimidante e at\u00e9 exaustiva.<\/p>\n<p style=\"text-align: justify;\">Era um homem \u201chonesto e trabalhador\u201d. Algu\u00e9m que podia ser tanto e o tanto que era n\u00e3o me chegava. Coisas para ter, coisas para comprar. A hist\u00f3ria era a de um estudante, um namorado, um companheiro, um marido, um pai, um director, um administrador, um CEO, um country manager, um l\u00edder.<br \/>Em qualquer que fosse o posto ou o cargo, tinha aprendido a bem e a mal algo mais que fazia de mim o que sou.<\/p>\n<p style=\"text-align: justify;\">Adoro cruzar a informa\u00e7\u00e3o do que vejo com o que pensava e com o que observava, para fazer as perguntas certas na altura certa, mantendo a minha\u00a0 curiosidade e a minha surpresa.<br \/>Outra coisa que fui aprimorando foi permitir-me falar de mim mesmo. Na hist\u00f3ria dos outros me encontrei, nas minhas hist\u00f3rias encontrei as minhas solu\u00e7\u00f5es. Percebo pela minha intui\u00e7\u00e3o e em mim mesmo o que se pode estar a passar na outra pessoa e sou o meu exemplo do que se est\u00e1 a passar \u00e0 minha volta. O resultado \u00e9 este &#8211; Se a forma como vejo a minha hist\u00f3ria j\u00e1 n\u00e3o me serve, encontro maneira de mudar a forma como a sinto, sozinho ou apoiado por algu\u00e9m capaz de me acompanhar e compreender.<br \/>Fa\u00e7o o mesmo com as outras pessoas. Elas trazem-me uma circunst\u00e2ncia dif\u00edcil ou cr\u00edtica, ou apenas um desejo ou um desafio e eu co-crio com elas uma solu\u00e7\u00e3o, um fim cuidado em amor para essa mudan\u00e7a.<\/p>\n<p>Agora sou mais feliz. reencontrei Amor. O amor que sofridamente eu n\u00e3o queria amar. Trouxe-me a pureza de existir singela e maravilhosamente em amor inerente \u00e0 condi\u00e7\u00e3o humana. Agora sou mais humano. Reaprendi a falhar. Permito-me falhar, isso Implicava decis\u00e3o. \u00c9 que escolher implica mesmo a\u00e7\u00e3o. Tomar um compromisso s\u00e9rio pode fazer levantar tantos obst\u00e1culos interiores, tantas desculpas exteriores. A partir da\u00ed \u00e9 sempre a crescer por dentro. Por mim e pela beleza que me rodeia.<\/p>\n<p style=\"text-align: justify;\">Na pr\u00e1tica, esta vida em Laborat\u00f3rio traz-me a realidade da experi\u00eancia e leva-me a fazer como fa\u00e7o agora no que me atrai. Se h\u00e1 algu\u00e9m que pode alterar a sua vida \u00e9 aquele que j\u00e1 viveu uma mudan\u00e7a semelhante ou que j\u00e1 encontrou em conjunto com outras pessoas outras solu\u00e7\u00f5es. Na pr\u00e1tica, j\u00e1 vivi essa mudan\u00e7a. Chamei-lhe talvez uma outra coisa e usei outras palavras para a descrever.<\/p>\n<p>Estou habitualmente atento \u00e0s sugest\u00f5es e a deixar-me orientar e guiar por quem j\u00e1 passou por isso, porque quem est\u00e1 de fora observa com olhar imparcial e ajuda a perceber as possibilidades que existem para poder aprender em vez de apenas escolher sofrer.<\/p>\n<p>Quero conhecer mais pessoas. Tenho o anseio de crescer e evoluir com todas as pessoas que consiga.<\/p>\n<p style=\"text-align: center;\">[\/et_pb_text][et_pb_button button_url=&#8221;@ET-DC@eyJkeW5hbWljIjp0cnVlLCJjb250ZW50IjoicG9zdF9saW5rX3VybF9wYWdlIiwic2V0dGluZ3MiOnsicG9zdF9pZCI6IjIwMyJ9fQ==@&#8221; button_text=&#8221;Entra em contacto comigo&#8221; button_alignment=&#8221;center&#8221; _builder_version=&#8221;4.20.1&#8243; _dynamic_attributes=&#8221;button_url&#8221; custom_button=&#8221;on&#8221; button_text_color=&#8221;#FFFFFF&#8221; button_bg_color=&#8221;#f88d00&#8243; button_border_color=&#8221;#f88d00&#8243; button_border_radius=&#8221;100px&#8221; button_font=&#8221;fibralight|700|||||||&#8221; button_use_icon=&#8221;off&#8221; global_colors_info=&#8221;{}&#8221;][\/et_pb_button][\/et_pb_column][\/et_pb_row][\/et_pb_section][et_pb_section fb_built=&#8221;1&#8243; specialty=&#8221;on&#8221; padding_2_tablet=&#8221;60px|50px|60px|50px|true|true&#8221; admin_label=&#8221;Footer&#8221; _builder_version=&#8221;4.16&#8243; background_color_gradient_direction=&#8221;90deg&#8221; min_height=&#8221;543px&#8221; custom_margin=&#8221;||6px|||&#8221; custom_padding=&#8221;8px||20px|||&#8221; global_colors_info=&#8221;{}&#8221;][et_pb_column type=&#8221;1_2&#8243; specialty_columns=&#8221;2&#8243; _builder_version=&#8221;4.16&#8243; custom_padding=&#8221;|||&#8221; global_colors_info=&#8221;{}&#8221; custom_padding__hover=&#8221;|||&#8221;][et_pb_row_inner _builder_version=&#8221;4.20.1&#8243; custom_padding=&#8221;||||false|false&#8221; hover_enabled=&#8221;0&#8243; global_colors_info=&#8221;{}&#8221; custom_margin=&#8221;34px||||false|false&#8221; sticky_enabled=&#8221;0&#8243;][et_pb_column_inner saved_specialty_column_type=&#8221;1_2&#8243; _builder_version=&#8221;4.16&#8243; custom_padding=&#8221;|||&#8221; global_colors_info=&#8221;{}&#8221; custom_padding__hover=&#8221;|||&#8221;][et_pb_text _builder_version=&#8221;4.20.1&#8243; text_font=&#8221;fibralight|700|||||||&#8221; text_font_size=&#8221;24px&#8221; header_font=&#8221;fibralight||||||||&#8221; header_4_font=&#8221;fibralight||||||||&#8221; header_4_font_size=&#8221;24px&#8221; text_orientation=&#8221;center&#8221; min_height=&#8221;26px&#8221; custom_margin=&#8221;||10px|||&#8221; custom_padding=&#8221;||12px|||&#8221; global_colors_info=&#8221;{}&#8221;]<\/p>\n<h2><strong>Redes sociais<\/strong><\/h2>\n<p>[\/et_pb_text][et_pb_social_media_follow _builder_version=&#8221;4.20.1&#8243; text_orientation=&#8221;center&#8221; global_colors_info=&#8221;{}&#8221;][et_pb_social_media_follow_network social_network=&#8221;facebook&#8221; url=&#8221;https:\/\/www.facebook.com\/LuisMiguelTrindadeCreativeLifeChange\/&#8221; _builder_version=&#8221;4.20.1&#8243; background_color=&#8221;#3b5998&#8243; global_colors_info=&#8221;{}&#8221; follow_button=&#8221;off&#8221; url_new_window=&#8221;on&#8221;]facebook[\/et_pb_social_media_follow_network][et_pb_social_media_follow_network social_network=&#8221;instagram&#8221; url=&#8221;https:\/\/www.instagram.com\/luistrindade.pt\/&#8221; _builder_version=&#8221;4.16&#8243; background_color=&#8221;#ea2c59&#8243; global_colors_info=&#8221;{}&#8221; follow_button=&#8221;off&#8221; url_new_window=&#8221;on&#8221;]instagram[\/et_pb_social_media_follow_network][et_pb_social_media_follow_network social_network=&#8221;linkedin&#8221; url=&#8221;https:\/\/www.linkedin.com\/in\/luismtrindade&#8221; _builder_version=&#8221;4.16&#8243; background_color=&#8221;#007bb6&#8243; global_colors_info=&#8221;{}&#8221; follow_button=&#8221;off&#8221; url_new_window=&#8221;on&#8221;]linkedin[\/et_pb_social_media_follow_network][et_pb_social_media_follow_network social_network=&#8221;youtube&#8221; url=&#8221;https:\/\/www.youtube.com\/channel\/UCq5LmQDFYQpAi5v5Y318Ghw&#8221; _builder_version=&#8221;4.16&#8243; background_color=&#8221;#a82400&#8243; global_colors_info=&#8221;{}&#8221; follow_button=&#8221;off&#8221; url_new_window=&#8221;on&#8221;]youtube[\/et_pb_social_media_follow_network][\/et_pb_social_media_follow][et_pb_text _builder_version=&#8221;4.20.1&#8243; text_font=&#8221;fibralight|700|||||||&#8221; text_font_size=&#8221;24px&#8221; header_font=&#8221;fibralight||||||||&#8221; header_4_font=&#8221;fibralight||||||||&#8221; header_4_font_size=&#8221;24px&#8221; text_orientation=&#8221;center&#8221; min_height=&#8221;26px&#8221; custom_margin=&#8221;||10px|||&#8221; global_colors_info=&#8221;{}&#8221;]<\/p>\n<p>Love letter &#8220;Mulheres e Homens&#8221;<\/p>\n<p>[\/et_pb_text][et_pb_text _builder_version=&#8221;4.20.1&#8243; text_font=&#8221;fibralight||||||||&#8221; text_font_size=&#8221;16px&#8221; custom_margin=&#8221;16px|||||&#8221; global_colors_info=&#8221;{}&#8221;]<\/p>\n<p style=\"text-align: center;\">Subscrever a Love letter com envios regulares.<\/p>\n<p style=\"text-align: center;\">Os teus dados nunca ser\u00e3o fornecidos a outr@s, eu prezo a tua privacidade.<\/p>\n<p style=\"text-align: center;\">O tratamento dos teus dados ser\u00e1 efectuado conforme definido na<br \/><span style=\"text-decoration: underline;\"><a href=\"https:\/\/www.luis-trindade.com\/politica-de-privacidade\/\" target=\"_blank\" rel=\"noopener noreferrer\">Pol\u00edtica de privacidade<\/a><\/span>.<\/p>\n<p>[\/et_pb_text][et_pb_button button_url=&#8221;https:\/\/www.luis-trindade.com\/contactos\/#subscrevernewsletter&#8221; url_new_window=&#8221;on&#8221; button_text=&#8221;Subscrever aqui&#8221; button_alignment=&#8221;center&#8221; _builder_version=&#8221;4.20.1&#8243; custom_button=&#8221;on&#8221; button_text_color=&#8221;#FFFFFF&#8221; button_bg_color=&#8221;#f88d00&#8243; button_border_width=&#8221;0px&#8221; button_border_radius=&#8221;100px&#8221; button_font=&#8221;fibralight|700|||||||&#8221; button_use_icon=&#8221;off&#8221; background_layout=&#8221;dark&#8221; custom_margin=&#8221;-11px||37px|||&#8221; global_colors_info=&#8221;{}&#8221;][\/et_pb_button][\/et_pb_column_inner][\/et_pb_row_inner][\/et_pb_column][et_pb_column type=&#8221;1_2&#8243; _builder_version=&#8221;4.16&#8243; custom_padding=&#8221;|||&#8221; global_colors_info=&#8221;{}&#8221; padding_tablet=&#8221;60px|50px|60px|50px|true|true&#8221; custom_padding__hover=&#8221;|||&#8221;][et_pb_text _builder_version=&#8221;4.20.1&#8243; _dynamic_attributes=&#8221;link_option_url&#8221; text_font=&#8221;fibralight||||||||&#8221; text_text_color=&#8221;#FFFFFF&#8221; text_font_size=&#8221;17px&#8221; text_line_height=&#8221;1.9em&#8221; link_font=&#8221;fibralight||||||||&#8221; link_text_color=&#8221;#FFFFFF&#8221; ul_font=&#8221;fibralight||||||||&#8221; ol_font=&#8221;||||||||&#8221; quote_font=&#8221;||||||||&#8221; header_font=&#8221;fibralight||||||||&#8221; header_text_color=&#8221;#FFFFFF&#8221; header_font_size=&#8221;40px&#8221; header_2_font=&#8221;fibralight||||||||&#8221; header_2_text_color=&#8221;#FFFFFF&#8221; header_2_font_size=&#8221;40px&#8221; header_2_line_height=&#8221;1.5em&#8221; header_3_font=&#8221;||||||||&#8221; header_3_text_color=&#8221;#FFFFFF&#8221; header_4_font=&#8221;fibralight|700|||||||&#8221; header_4_text_color=&#8221;#FFFFFF&#8221; header_4_font_size=&#8221;16px&#8221; header_4_line_height=&#8221;1.5em&#8221; header_5_text_color=&#8221;#3A677D&#8221; header_6_text_color=&#8221;#3A677D&#8221; background_enable_color=&#8221;off&#8221; background_layout=&#8221;dark&#8221; width=&#8221;75%&#8221; module_alignment=&#8221;center&#8221; custom_margin=&#8221;|||&#8221; custom_padding=&#8221;||||true|true&#8221; link_option_url=&#8221;@ET-DC@eyJkeW5hbWljIjp0cnVlLCJjb250ZW50IjoicG9zdF9saW5rX3VybF9wYWdlIiwic2V0dGluZ3MiOnsicG9zdF9pZCI6IjIwMyJ9fQ==@&#8221; link_option_url_new_window=&#8221;on&#8221; header_font_size_tablet=&#8221;30px&#8221; header_font_size_phone=&#8221;24px&#8221; header_font_size_last_edited=&#8221;on|phone&#8221; header_2_font_size_tablet=&#8221;30px&#8221; header_2_font_size_phone=&#8221;&#8221; header_2_font_size_last_edited=&#8221;on|tablet&#8221; box_shadow_style=&#8221;preset3&#8243; box_shadow_vertical=&#8221;0px&#8221; box_shadow_blur=&#8221;0px&#8221; box_shadow_spread=&#8221;0px&#8221; global_colors_info=&#8221;{}&#8221;]<\/p>\n<p><img loading=\"lazy\" decoding=\"async\" src=\"https:\/\/www.luis-trindade.com\/wp-content\/uploads\/2026\/01\/contacto-brilhante-transparente.png\" width=\"1024\" height=\"1024\" alt=\"\" class=\"wp-image-3916 alignnone size-full\" srcset=\"https:\/\/www.luis-trindade.com\/wp-content\/uploads\/2026\/01\/contacto-brilhante-transparente.png 1024w, https:\/\/www.luis-trindade.com\/wp-content\/uploads\/2026\/01\/contacto-brilhante-transparente-980x980.png 980w, https:\/\/www.luis-trindade.com\/wp-content\/uploads\/2026\/01\/contacto-brilhante-transparente-480x480.png 480w\" sizes=\"(min-width: 0px) and (max-width: 480px) 480px, (min-width: 481px) and (max-width: 980px) 980px, (min-width: 981px) 1024px, 100vw\" \/><\/p>\n<p>[\/et_pb_text][\/et_pb_column][\/et_pb_section]<\/p>\n","protected":false},"excerpt":{"rendered":"<p>Lu\u00eds Trindade &#8211; Creative Life Change<\/p>","protected":false},"author":1,"featured_media":460,"parent":0,"menu_order":0,"comment_status":"closed","ping_status":"closed","template":"","meta":{"_et_pb_use_builder":"on","_et_pb_old_content":"","_et_gb_content_width":"","_joinchat":[],"footnotes":""},"_links":{"self":[{"href":"https:\/\/www.luis-trindade.com\/en\/wp-json\/wp\/v2\/pages\/1927"}],"collection":[{"href":"https:\/\/www.luis-trindade.com\/en\/wp-json\/wp\/v2\/pages"}],"about":[{"href":"https:\/\/www.luis-trindade.com\/en\/wp-json\/wp\/v2\/types\/page"}],"author":[{"embeddable":true,"href":"https:\/\/www.luis-trindade.com\/en\/wp-json\/wp\/v2\/users\/1"}],"replies":[{"embeddable":true,"href":"https:\/\/www.luis-trindade.com\/en\/wp-json\/wp\/v2\/comments?post=1927"}],"version-history":[{"count":57,"href":"https:\/\/www.luis-trindade.com\/en\/wp-json\/wp\/v2\/pages\/1927\/revisions"}],"predecessor-version":[{"id":4002,"href":"https:\/\/www.luis-trindade.com\/en\/wp-json\/wp\/v2\/pages\/1927\/revisions\/4002"}],"wp:featuredmedia":[{"embeddable":true,"href":"https:\/\/www.luis-trindade.com\/en\/wp-json\/wp\/v2\/media\/460"}],"wp:attachment":[{"href":"https:\/\/www.luis-trindade.com\/en\/wp-json\/wp\/v2\/media?parent=1927"}],"curies":[{"name":"wp","href":"https:\/\/api.w.org\/{rel}","templated":true}]}}