{"id":1797,"date":"2020-04-23T17:09:10","date_gmt":"2020-04-23T17:09:10","guid":{"rendered":"https:\/\/www.luis-trindade.com\/?page_id=1797"},"modified":"2024-08-14T11:02:07","modified_gmt":"2024-08-14T11:02:07","slug":"politica-de-privacidade","status":"publish","type":"page","link":"https:\/\/www.luis-trindade.com\/en\/politica-de-privacidade\/","title":{"rendered":"Politica de privacidade"},"content":{"rendered":"<p>[et_pb_section fb_built=&#8221;1&#8243; fullwidth=&#8221;on&#8221; admin_label=&#8221;Hero&#8221; _builder_version=&#8221;4.20.1&#8243; background_image=&#8221;https:\/\/www.luis-trindade.com\/wp-content\/uploads\/2024\/07\/Logo-novo.png&#8221; parallax=&#8221;on&#8221; global_colors_info=&#8221;{}&#8221;][et_pb_fullwidth_header title=&#8221;Pol\u00edtica de privacidade&#8221; subhead=&#8221;De acordo com o RGPD&#8221; text_orientation=&#8221;center&#8221; content_max_width=&#8221;700px&#8221; _builder_version=&#8221;4.16&#8243; title_font=&#8221;fibralight||||||||&#8221; title_text_align=&#8221;left&#8221; title_font_size=&#8221;40px&#8221; title_line_height=&#8221;1.5em&#8221; content_font=&#8221;fibralight|600|||||||&#8221; content_font_size=&#8221;16px&#8221; content_letter_spacing=&#8221;1px&#8221; subhead_font=&#8221;fibralight||||||||&#8221; subhead_text_align=&#8221;left&#8221; subhead_font_size=&#8221;24px&#8221; subhead_line_height=&#8221;1.8em&#8221; background_color=&#8221;rgba(0,0,0,0)&#8221; use_background_color_gradient=&#8221;on&#8221; background_color_gradient_direction=&#8221;220deg&#8221; background_color_gradient_stops=&#8221;rgba(53,80,160,0.27) 40%|#3a677d 100%&#8221; background_color_gradient_overlays_image=&#8221;on&#8221; background_color_gradient_start=&#8221;rgba(53,80,160,0.27)&#8221; background_color_gradient_start_position=&#8221;40%&#8221; background_color_gradient_end=&#8221;#3a677d&#8221; custom_button_one=&#8221;on&#8221; button_one_text_size=&#8221;16px&#8221; button_one_text_color=&#8221;#3550a0&#8243; button_one_bg_color=&#8221;#ffffff&#8221; button_one_border_width=&#8221;10px&#8221; button_one_border_color=&#8221;rgba(210,159,104,0)&#8221; button_one_border_radius=&#8221;100px&#8221; button_one_font=&#8221;fibralight|900|||||||&#8221; button_one_use_icon=&#8221;off&#8221; custom_button_two=&#8221;on&#8221; button_two_text_size=&#8221;16px&#8221; button_two_text_color=&#8221;#ffffff&#8221; button_two_bg_color=&#8221;#3a677d&#8221; button_two_border_width=&#8221;10px&#8221; button_two_border_color=&#8221;rgba(210,159,104,0)&#8221; button_two_border_radius=&#8221;100px&#8221; button_two_font=&#8221;fibralight|900|||||||&#8221; button_two_use_icon=&#8221;off&#8221; width=&#8221;100%&#8221; custom_margin=&#8221;||-29px|||&#8221; custom_padding=&#8221;13vw||25vw||false|&#8221; custom_padding_tablet=&#8221;20vw||20vw||true&#8221; custom_padding_phone=&#8221;20vw||20vw||true&#8221; custom_padding_last_edited=&#8221;on|desktop&#8221; title_font_size_tablet=&#8221;50px&#8221; title_font_size_phone=&#8221;32px&#8221; title_font_size_last_edited=&#8221;on|tablet&#8221; button_one_text_color_hover=&#8221;#3550a0&#8243; button_two_text_color_hover=&#8221;#ffffff&#8221; button_one_bg_color_hover=&#8221;rgba(255,255,255,0.8)&#8221; button_two_bg_color_hover=&#8221;rgba(255,255,255,0.3)&#8221; global_colors_info=&#8221;{}&#8221; button_one_text_size__hover_enabled=&#8221;off&#8221; button_two_text_size__hover_enabled=&#8221;off&#8221; button_one_text_color__hover_enabled=&#8221;on|desktop&#8221; button_one_text_color__hover=&#8221;#73c6cb&#8221; button_two_text_color__hover_enabled=&#8221;on|desktop&#8221; button_two_text_color__hover=&#8221;#ffffff&#8221; button_one_border_width__hover_enabled=&#8221;off&#8221; button_two_border_width__hover_enabled=&#8221;off&#8221; button_one_border_color__hover_enabled=&#8221;off&#8221; button_two_border_color__hover_enabled=&#8221;off&#8221; button_one_border_radius__hover_enabled=&#8221;off&#8221; button_two_border_radius__hover_enabled=&#8221;off&#8221; button_one_letter_spacing__hover_enabled=&#8221;off&#8221; button_two_letter_spacing__hover_enabled=&#8221;off&#8221; button_one_bg_color__hover_enabled=&#8221;on|hover&#8221; button_one_bg_color__hover=&#8221;#b6dcce&#8221; button_two_bg_color__hover_enabled=&#8221;on|desktop&#8221; button_two_bg_color__hover=&#8221;#73c6cb&#8221; button_one_bg_enable_color__hover=&#8221;on&#8221; button_two_bg_enable_color__hover=&#8221;on&#8221;][\/et_pb_fullwidth_header][\/et_pb_section][et_pb_section fb_built=&#8221;1&#8243; admin_label=&#8221;Contact&#8221; _builder_version=&#8221;4.16&#8243; custom_margin=&#8221;|||&#8221; custom_padding=&#8221;110px|0px|23px|0px|false|false&#8221; global_colors_info=&#8221;{}&#8221;][et_pb_row custom_padding_last_edited=&#8221;on|phone&#8221; _builder_version=&#8221;4.20.1&#8243; background_enable_color=&#8221;off&#8221; use_background_color_gradient=&#8221;on&#8221; background_color_gradient_stops=&#8221;#f88d00 0%|#73c6cb 66%|#3a677d 98%&#8221; background_color_gradient_start=&#8221;#3a677d&#8221; background_color_gradient_start_position=&#8221;70%&#8221; background_color_gradient_end=&#8221;rgba(0,0,0,0)&#8221; min_height=&#8221;208px&#8221; custom_margin=&#8221;-142px|auto|49px|auto||&#8221; custom_margin_tablet=&#8221;0px|||&#8221; custom_margin_phone=&#8221;|||&#8221; custom_margin_last_edited=&#8221;on|tablet&#8221; custom_padding=&#8221;64px|4%|64px|4%|true|true&#8221; custom_padding_tablet=&#8221;|50px||50px||true&#8221; custom_padding_phone=&#8221;24px|24px|24px|24px|true|true&#8221; animation_style=&#8221;zoom&#8221; animation_intensity_zoom=&#8221;2%&#8221; box_shadow_style=&#8221;preset3&#8243; box_shadow_vertical=&#8221;100px&#8221; box_shadow_blur=&#8221;100px&#8221; box_shadow_spread=&#8221;-60px&#8221; global_colors_info=&#8221;{}&#8221;][et_pb_column type=&#8221;4_4&#8243; _builder_version=&#8221;4.16&#8243; custom_padding=&#8221;|||&#8221; global_colors_info=&#8221;{}&#8221; custom_padding__hover=&#8221;|||&#8221;][et_pb_text _builder_version=&#8221;4.16&#8243; text_font=&#8221;fibralight||||||||&#8221; text_text_color=&#8221;#ffffff&#8221; text_font_size=&#8221;24px&#8221; header_font=&#8221;fibralight||||||||&#8221; header_2_font=&#8221;fibralight||||||||&#8221; header_2_text_color=&#8221;#ffffff&#8221; custom_padding=&#8221;||1px|||&#8221; global_colors_info=&#8221;{}&#8221;][\/et_pb_text][et_pb_text _builder_version=&#8221;4.20.1&#8243; text_font=&#8221;fibralight||||||||&#8221; text_text_color=&#8221;#ffffff&#8221; background_enable_color=&#8221;off&#8221; use_background_color_gradient=&#8221;on&#8221; background_color_gradient_stops=&#8221;#f88d00 0%|#73c6cb 66%|#3a677d 98%&#8221; background_color_gradient_start=&#8221;#3a677d&#8221; background_color_gradient_start_position=&#8221;59%&#8221; background_color_gradient_end=&#8221;rgba(0,0,0,0)&#8221; text_orientation=&#8221;justified&#8221; background_layout=&#8221;dark&#8221; width=&#8221;100%&#8221; module_alignment=&#8221;center&#8221; min_height=&#8221;1000px&#8221; custom_margin=&#8221;-26px||20px||false|false&#8221; custom_padding=&#8221;|50px|47px|50px|false|false&#8221; global_colors_info=&#8221;{}&#8221;]<\/p>\n<p>&nbsp;<\/p>\n<p>Este comunicado sobre a Pol\u00edtica de Privacidade explica como uso a informa\u00e7\u00e3o pessoal que recolho sobre @s utilizador@s sempre que utilizam o Website Luis-Trindade.com.<br \/>Todas as informa\u00e7\u00f5es pessoais relativas @s utilizador@s deste Website ser\u00e3o tratadas em concord\u00e2ncia com o Regulamento (UE) 2016\/679 de 27 de abril de 2016 (Regulamento Geral de Protec\u00e7\u00e3o de Dados Pessoais \u2013 RGPD).<br \/>1. Responsabilidade pelo tratamento dos dados:<br \/>Lu\u00eds Miguel Correia Trindade \u00e9 a pessoa respons\u00e1vel pelo tratamento dos dados pessoais recolhidos em Luis-Trindade.com, Website do qual \u00e9 propriet\u00e1rio.<br \/>2. Que informa\u00e7\u00f5es recolho?<br \/>Os dados recolhidos nos formul\u00e1rios disponibilizados no meu Website ser\u00e3o tratados de acordo com os fundamentos e para as finalidades a que se destinam.<br \/>Formul\u00e1rio de Contacto:<br \/>Para envio de mensagem atrav\u00e9s do formul\u00e1rio de contacto dispon\u00edvel na p\u00e1gina \u201cContactos\u201d, deves obrigatoriamente introduzir o teu nome, endere\u00e7o de E-mail e n\u00famero de telefone. Estes dados ser\u00e3o utilizados apenas para gerir o teu pedido de contacto, com base no fundamento do interesse leg\u00edtimo do Website Luis-Trindade.com responder aos pedidos de contacto que lhe s\u00e3o dirigidos. <br \/>Contacto por e-mail atrav\u00e9s do endere\u00e7o disponibilizado:<br \/>Poder\u00e1s tamb\u00e9m contactar-me atrav\u00e9s do endere\u00e7o de email Welcome@Luis-Trindade.com, dispon\u00edvel em v\u00e1rias p\u00e1ginas deste Website. Nesse caso, o teu nome e endere\u00e7o de e-mail ser\u00e3o utilizados apenas para gerir o teu contacto e solicita\u00e7\u00f5es, igualmente com base no fundamento do interesse leg\u00edtimo de responder aos pedidos de contacto que me s\u00e3o dirigidos. <br \/>3. Subscri\u00e7\u00e3o de Newsletter:<br \/>A newsletter inclui informa\u00e7\u00f5es sobre as actividades, servi\u00e7os prestados, \u00faltimas publica\u00e7\u00f5es nas redes sociais de Luis-Trindade.com e \u00e9 enviada por E-mail. Ao subscrever esta Newsletter, est\u00e1s a consentir a recolha do teu nome, telefone, endere\u00e7o de E-mail e eventualmente o endere\u00e7o de Webmail expressamente para esta finalidade. Para ter a certeza de que a subscri\u00e7\u00e3o foi feita por ti, enviar-te-ei ap\u00f3s a subscri\u00e7\u00e3o no site um E-mail a pedir que confirmes a autoriza\u00e7\u00e3o para recolha e armazenamento dos teus dados pessoais para este fim.<br \/>A Newsletter de Luis-Trindade.com cont\u00e9m tracking pixels. Estes pixels s\u00e3o c\u00f3digos inclu\u00eddos na newsletter enviada por email e servem para gerar os dados estat\u00edsticos de que necessito para avaliar o sucesso do envio. Com base nesses dados posso ver se a mensagem foi aberta e quais as liga\u00e7\u00f5es que foram seguidas.<br \/>A subscri\u00e7\u00e3o da Newsletter pode ser cancelada a qualquer momento, bastando seguir a liga\u00e7\u00e3o apresentada no rodap\u00e9 do E-mail que \u00e9 usado para enviar a Newsletter. Se o fizer,es os teus dados ser\u00e3o apagados. No mesmo rodap\u00e9 encontrar\u00e1s ainda outra liga\u00e7\u00e3o que podes utilizar para alterar ou atualizar os teus dados.<br \/>Os dados que forneceres ser\u00e3o mantidos numa base de dados de subscritores at\u00e9 que requeiras a sua elimina\u00e7\u00e3o.<br \/>4. Onde s\u00e3o armazenados os dados?<br \/>Os dados recolhidos em Luis-Trindade.com n\u00e3o s\u00e3o ao dia de hojecomunicados a terceiros e poder\u00e3o ser transferidos e armazenados por entidades subcontratadas para por conta desta e sob a minha supervis\u00e3o executarem as seguintes opera\u00e7\u00f5es de tratamento de dados:<br \/>Newsletters:<br \/>Para a gest\u00e3o dos subscritores e envio de newsletters, utilizo a plataforma da Mailchimp, uma das empresas l\u00edderes de mercado nesta \u00e1rea. A Mailchimp \u00e9 uma plataforma americana de automa\u00e7\u00e3o de marketing e um servi\u00e7o de E-mail Marketing. A plataforma \u00e9 o nome comercial de sua operadora, Rocket Science Group, uma empresa americana fundada em 2001 e os seus dados ser\u00e3o armazenados nos servidores de sua responsabilidade.<br \/>Todo o tr\u00e1fego entre o Website Luis-Trindade.com e o seu browser \u00e9 encriptado e entregue via protocolo HTTPS.<br \/>5. Cookies<br \/>S\u00e3o pequenos ficheiros de texto guardados no teu computador que servem para recolher informa\u00e7\u00e3o acerca do teu dispositivo e informa\u00e7\u00e3o acerca da tua experi\u00eancia de utiliza\u00e7\u00e3o. Esta informa\u00e7\u00e3o \u00e9 usada para registar o n\u00famero de visitas efetuadas e compilar informa\u00e7\u00e3o estat\u00edstica acerca da atividade no Website.<br \/>Podes configurar o teu browser para n\u00e3o aceitar cookies, em todo o caso a n\u00e3o aceita\u00e7\u00e3o de cookies pode resultar na execu\u00e7\u00e3o incorreta de algumas funcionalidades do Website Luis-Trindade.com.<br \/>Os cookies n\u00e3o s\u00e3o usados para nenhum outro prop\u00f3sito diferente dos mencionados anteriormente.<br \/>6. Outros Websites:<br \/>O Website Luis-Trindade.com cont\u00e9m liga\u00e7\u00f5es para outros Websites. A Pol\u00edtica de Privacidade constante nesta p\u00e1gina apenas se aplica ao meu Website, pelo que deves ler atentamente as pol\u00edticas de privacidade de todos os Websites que venhas a seguir atrav\u00e9s das liga\u00e7\u00f5es externas inclu\u00eddas nas minhas publica\u00e7\u00f5es.<br \/>7. Direito de acesso e retirada do consentimento:<br \/>Como titulares dos seus pr\u00f3prios dados, os utilizadores do Website Luis-Trindade.com t\u00eam o direito de obter confirma\u00e7\u00e3o sobre o tratamento de dados pessoais que lhes digam respeito e se for esse o caso t\u00eam o direito de aceder, atualizar, obter uma c\u00f3pia e corrigir dados imprecisos ou solicitar a elimina\u00e7\u00e3o dos seus dados pessoais.<br \/>Poder\u00e1s exercer estes direitos atrav\u00e9s de um pedido escrito para o E-mail Welcome@Luis-Trindade.com.<br \/>Em todas as Newsletters poder\u00e1s ainda retificar diretamente os teus dados ou cancelar a tua subscri\u00e7\u00e3o atrav\u00e9s das liga\u00e7\u00f5es inclu\u00eddas no rodap\u00e9 dos E-mails recebidos. Exercendo estas op\u00e7\u00f5es, os teus dados ser\u00e3o imediatamente atualizados ou eliminados, consoante a op\u00e7\u00e3o escolhida.<br \/>A retirada posterior do consentimento prestado para tratamento dos teus dados n\u00e3o compromete a licitude do tratamento com base no consentimento previamente dado.<br \/>8. Direito a reclamar:<br \/>O titular dos dados tem o direito de apresentar reclama\u00e7\u00e3o quanto a qualquer quest\u00e3o relativa ao tratamento dos seus dados pessoais. Para o fazer poder\u00e1 utilizar o E-mail Welcome@Luis-Trindade.com.<br \/>N\u00e3o obstante, o titular dos dados tem direito a apresentar reclama\u00e7\u00e3o junto da Comiss\u00e3o Nacional de Prote\u00e7\u00e3o de Dados \u2013 CNPD.<br \/>9. Altera\u00e7\u00f5es a esta Pol\u00edtica de Privacidade:<br \/>As minhas pol\u00edticas de privacidade s\u00e3o revistas regularmente e todas as altera\u00e7\u00f5es ser\u00e3o publicadas nesta p\u00e1gina.<br \/>Recomendamos uma visita regular para que estejas a par das \u00faltimas altera\u00e7\u00f5es.<br \/>A vers\u00e3o mais recente desta pol\u00edtica de privacidade \u00e9 de 16 de Maio de 2018.<\/p>\n<p>&nbsp;<\/p>\n<p style=\"text-align: center;\"><span style=\"color: #b6dcce;\">Informa\u00e7\u00f5es adicionais: <a href=\"mailto:Welcome@Luis-Trindade.com\" style=\"color: #b6dcce;\">Welcome@Luis-Trindade.com<\/a><\/span><\/p>\n<p>[\/et_pb_text][\/et_pb_column][\/et_pb_row][\/et_pb_section]<\/p>\n","protected":false},"excerpt":{"rendered":"<p>Lu\u00eds Trindade &#8211; Creative Life Change<\/p>","protected":false},"author":1,"featured_media":460,"parent":0,"menu_order":0,"comment_status":"closed","ping_status":"closed","template":"","meta":{"_et_pb_use_builder":"on","_et_pb_old_content":"","_et_gb_content_width":"","_joinchat":[],"footnotes":""},"_links":{"self":[{"href":"https:\/\/www.luis-trindade.com\/en\/wp-json\/wp\/v2\/pages\/1797"}],"collection":[{"href":"https:\/\/www.luis-trindade.com\/en\/wp-json\/wp\/v2\/pages"}],"about":[{"href":"https:\/\/www.luis-trindade.com\/en\/wp-json\/wp\/v2\/types\/page"}],"author":[{"embeddable":true,"href":"https:\/\/www.luis-trindade.com\/en\/wp-json\/wp\/v2\/users\/1"}],"replies":[{"embeddable":true,"href":"https:\/\/www.luis-trindade.com\/en\/wp-json\/wp\/v2\/comments?post=1797"}],"version-history":[{"count":12,"href":"https:\/\/www.luis-trindade.com\/en\/wp-json\/wp\/v2\/pages\/1797\/revisions"}],"predecessor-version":[{"id":3579,"href":"https:\/\/www.luis-trindade.com\/en\/wp-json\/wp\/v2\/pages\/1797\/revisions\/3579"}],"wp:featuredmedia":[{"embeddable":true,"href":"https:\/\/www.luis-trindade.com\/en\/wp-json\/wp\/v2\/media\/460"}],"wp:attachment":[{"href":"https:\/\/www.luis-trindade.com\/en\/wp-json\/wp\/v2\/media?parent=1797"}],"curies":[{"name":"wp","href":"https:\/\/api.w.org\/{rel}","templated":true}]}}