{"id":1758,"date":"2020-04-23T14:50:12","date_gmt":"2020-04-23T14:50:12","guid":{"rendered":"https:\/\/www.luis-trindade.com\/?page_id=1758"},"modified":"2024-08-06T08:24:36","modified_gmt":"2024-08-06T08:24:36","slug":"subscricao-de-newsletter","status":"publish","type":"page","link":"https:\/\/www.luis-trindade.com\/en\/subscricao-de-newsletter\/","title":{"rendered":"Subscri\u00e7\u00e3o de Newsletter"},"content":{"rendered":"<p>[et_pb_section fb_built=&#8221;1&#8243; fullwidth=&#8221;on&#8221; admin_label=&#8221;Hero&#8221; _builder_version=&#8221;4.20.1&#8243; use_background_color_gradient=&#8221;on&#8221; background_color_gradient_stops=&#8221;#3a677d 0%|#b6dcce 99%&#8221; background_enable_image=&#8221;off&#8221; parallax=&#8221;on&#8221; background_blend=&#8221;overlay&#8221; custom_margin=&#8221;-12px||-413px||false|false&#8221; custom_padding=&#8221;||263px||false|false&#8221; custom_css_main_element=&#8221;.widget_mailchimpsf_widget&#8221; global_colors_info=&#8221;{}&#8221;][et_pb_fullwidth_header title=&#8221;Subscrever Newsletter&#8221; subhead=&#8221;Mulheres e Homens&#8221; _builder_version=&#8221;4.20.1&#8243; _module_preset=&#8221;default&#8221; title_font=&#8221;||||||||&#8221; title_text_align=&#8221;left&#8221; title_font_size=&#8221;40px&#8221; subhead_text_align=&#8221;left&#8221; subhead_font_size=&#8221;26px&#8221; background_enable_color=&#8221;off&#8221; background_image=&#8221;https:\/\/www.luis-trindade.com\/wp-content\/uploads\/2022\/02\/MG_0015-1.jpg&#8221; custom_margin=&#8221;44px||81px||false|false&#8221; custom_padding=&#8221;||302px|0px|false|false&#8221; global_colors_info=&#8221;{}&#8221;][\/et_pb_fullwidth_header][\/et_pb_section][et_pb_section fb_built=&#8221;1&#8243; admin_label=&#8221;Contact&#8221; _builder_version=&#8221;4.16&#8243; custom_margin=&#8221;||-30px|||&#8221; custom_padding=&#8221;44px|0px|0px|0px|false|false&#8221; global_colors_info=&#8221;{}&#8221;][et_pb_row column_structure=&#8221;1_3,2_3&#8243; custom_padding_last_edited=&#8221;on|phone&#8221; _builder_version=&#8221;4.20.1&#8243; background_enable_color=&#8221;off&#8221; use_background_color_gradient=&#8221;on&#8221; background_color_gradient_stops=&#8221;#f88d00 0%|#73c6cb 66%|#3a677d 98%&#8221; min_height=&#8221;229px&#8221; custom_margin=&#8221;-83px|auto|49px|auto||&#8221; custom_margin_tablet=&#8221;0px|||&#8221; custom_margin_phone=&#8221;|||&#8221; custom_margin_last_edited=&#8221;on|tablet&#8221; custom_padding=&#8221;0px|4%|0px|4%|true|true&#8221; custom_padding_tablet=&#8221;|50px||50px||true&#8221; custom_padding_phone=&#8221;24px|24px|24px|24px|true|true&#8221; animation_style=&#8221;zoom&#8221; animation_intensity_zoom=&#8221;2%&#8221; box_shadow_style=&#8221;preset3&#8243; box_shadow_vertical=&#8221;100px&#8221; box_shadow_blur=&#8221;100px&#8221; box_shadow_spread=&#8221;-60px&#8221; box_shadow_position=&#8221;inner&#8221; global_colors_info=&#8221;{}&#8221;][et_pb_column type=&#8221;1_3&#8243; _builder_version=&#8221;4.16&#8243; custom_padding=&#8221;|||&#8221; global_colors_info=&#8221;{}&#8221; custom_padding__hover=&#8221;|||&#8221;][et_pb_text _builder_version=&#8221;4.16&#8243; text_font=&#8221;fibralight||||||||&#8221; text_text_color=&#8221;#ffffff&#8221; text_font_size=&#8221;24px&#8221; text_orientation=&#8221;center&#8221; custom_margin=&#8221;||43px|||&#8221; custom_padding=&#8221;28px|||||&#8221; global_colors_info=&#8221;{}&#8221;]<\/p>\n<p>Segue-me nas redes sociais<br \/> <span style=\"font-size: 24px;\">\u00a0<\/span><\/p>\n<p>[\/et_pb_text][et_pb_social_media_follow _builder_version=&#8221;4.20.1&#8243; text_orientation=&#8221;center&#8221; custom_margin=&#8221;-27px||72px|||&#8221; global_colors_info=&#8221;{}&#8221;][et_pb_social_media_follow_network social_network=&#8221;facebook&#8221; url=&#8221;https:\/\/www.facebook.com\/LuisMiguelTrindadeCreativeLifeChange\/&#8221; _builder_version=&#8221;4.20.1&#8243; background_color=&#8221;#3b5998&#8243; global_colors_info=&#8221;{}&#8221; follow_button=&#8221;off&#8221; url_new_window=&#8221;on&#8221;]facebook[\/et_pb_social_media_follow_network][et_pb_social_media_follow_network social_network=&#8221;instagram&#8221; url=&#8221;https:\/\/www.instagram.com\/luistrindade.pt\/&#8221; _builder_version=&#8221;4.16&#8243; background_color=&#8221;#ea2c59&#8243; global_colors_info=&#8221;{}&#8221; follow_button=&#8221;off&#8221; url_new_window=&#8221;on&#8221;]instagram[\/et_pb_social_media_follow_network][et_pb_social_media_follow_network social_network=&#8221;linkedin&#8221; url=&#8221;https:\/\/www.linkedin.com\/in\/luismtrindade&#8221; _builder_version=&#8221;4.16&#8243; background_color=&#8221;#007bb6&#8243; global_colors_info=&#8221;{}&#8221; follow_button=&#8221;off&#8221; url_new_window=&#8221;on&#8221;]linkedin[\/et_pb_social_media_follow_network][et_pb_social_media_follow_network social_network=&#8221;youtube&#8221; url=&#8221;https:\/\/www.youtube.com\/channel\/UCq5LmQDFYQpAi5v5Y318Ghw&#8221; _builder_version=&#8221;4.16&#8243; background_color=&#8221;#a82400&#8243; global_colors_info=&#8221;{}&#8221; follow_button=&#8221;off&#8221; url_new_window=&#8221;on&#8221;]youtube[\/et_pb_social_media_follow_network][\/et_pb_social_media_follow][et_pb_text _builder_version=&#8221;4.16&#8243; text_font=&#8221;fibralight||||||||&#8221; text_text_color=&#8221;#ffffff&#8221; text_font_size=&#8221;24px&#8221; text_orientation=&#8221;center&#8221; custom_margin=&#8221;||34px|||&#8221; global_colors_info=&#8221;{}&#8221;]<\/p>\n<p><span style=\"font-size: 24px;\"><br \/> Contactos<br \/> <\/span><\/p>\n<p>[\/et_pb_text][et_pb_text _builder_version=&#8221;4.16&#8243; text_font=&#8221;fibralight||||||||&#8221; text_text_color=&#8221;#ffffff&#8221; text_font_size=&#8221;16px&#8221; link_font=&#8221;fibralight||||||||&#8221; link_text_color=&#8221;#ffffff&#8221; header_font=&#8221;fibralight||||||||&#8221; header_2_font=&#8221;fibralight||||||||&#8221; header_3_font=&#8221;fibralight||||||||&#8221; header_4_font=&#8221;fibralight||||||||&#8221; header_5_font=&#8221;fibralight||||||||&#8221; header_6_font=&#8221;fibralight||||||||&#8221; text_orientation=&#8221;center&#8221; global_colors_info=&#8221;{}&#8221;]<\/p>\n<p style=\"text-align: center;\"><span style=\"font-size: 16px;\">Endere\u00e7o de E-mail<\/span><\/p>\n<p><a href=\"mailto:Welcome@Luis-Trindade.com\">Welcome@Luis-Trindade.com<\/a><br \/> <span style=\"font-size: 16px;\">\u00a0<\/span><\/p>\n<p><span style=\"font-size: 16px;\">Telefone<\/span><\/p>\n<p><a href=\"tel:+351919398776\" class=\"value\"> +351 919 398 776<\/a><\/p>\n<h4 style=\"text-align: center;\"><\/h4>\n<p>&nbsp;<\/p>\n<p>&nbsp;<\/p>\n<p>[\/et_pb_text][\/et_pb_column][et_pb_column type=&#8221;2_3&#8243; _builder_version=&#8221;4.16&#8243; custom_padding=&#8221;|||&#8221; global_colors_info=&#8221;{}&#8221; custom_padding__hover=&#8221;|||&#8221;][et_pb_text _builder_version=&#8221;4.20.1&#8243; text_font=&#8221;fibralight||||||||&#8221; text_text_color=&#8221;#ffffff&#8221; text_font_size=&#8221;24px&#8221; custom_margin=&#8221;||38px|||&#8221; custom_padding=&#8221;27px||0px|65px|false|false&#8221; global_colors_info=&#8221;{}&#8221;]<\/p>\n<h5 style=\"text-align: center;\"><em><span style=\"color: #ffffff;\">Os teus dados nunca ser\u00e3o fornecidos a outras pessoas ou entidades porque prezo a tua privacidade.<\/span><\/em><\/h5>\n<h5 style=\"text-align: center;\"><em><span style=\"color: #ffffff;\">O tratamento dos teus dados ser\u00e1 efectuado conforme definido nesta<\/span><\/em><br \/><span style=\"color: #ffffff;\"><span style=\"text-decoration: underline; font-size: large;\"><a href=\"https:\/\/www.luis-trindade.com\/politica-de-privacidade\/\" target=\"_blank\" rel=\"noopener noreferrer\" style=\"color: #ffffff; text-decoration: underline;\">Pol\u00edtica de privacidade<\/a><\/span>.<\/span><\/h5>\n<p><span style=\"color: #ffffff;\"><\/span><\/p>\n<p>Subscreve neste formul\u00e1rio:<\/p>\n<p>[\/et_pb_text][et_pb_code _builder_version=&#8221;4.20.1&#8243; _module_preset=&#8221;default&#8221; width=&#8221;80.9%&#8221; module_alignment=&#8221;center&#8221; min_height=&#8221;377.4px&#8221; custom_margin=&#8221;||79px|||&#8221; hover_enabled=&#8221;0&#8243; global_colors_info=&#8221;{}&#8221; sticky_enabled=&#8221;0&#8243;]<script>(function() {\n\twindow.mc4wp = window.mc4wp || {\n\t\tlisteners: [],\n\t\tforms: {\n\t\t\ton: function(evt, cb) {\n\t\t\t\twindow.mc4wp.listeners.push(\n\t\t\t\t\t{\n\t\t\t\t\t\tevent   : evt,\n\t\t\t\t\t\tcallback: cb\n\t\t\t\t\t}\n\t\t\t\t);\n\t\t\t}\n\t\t}\n\t}\n})();\n<\/script><!-- Mailchimp for WordPress v4.12.2 - https:\/\/wordpress.org\/plugins\/mailchimp-for-wp\/ --><form id=\"mc4wp-form-1\" class=\"mc4wp-form mc4wp-form-3458\" method=\"post\" data-id=\"3458\" data-name=\"NEWSLETTER WOMAN AND MAN\" ><div class=\"mc4wp-form-fields\"><p>\r\n    <label>Endere\u00e7o de email<\/label>\r\n    <input type=\"email\" name=\"EMAIL\" required=\"\">\r\n<\/p>\r\n<p>\r\n    <label>Primeiro nome<\/label>\r\n    <input type=\"text\" name=\"FNAME\" required=\"\">\r\n<\/p>\r\n<p>\r\n    <label>\u00daltimo nome<\/label>\r\n    <input type=\"text\" name=\"LNAME\" required=\"\">\r\n<\/p>\r\n<p>\r\n    <label>N\u00famero de Telem\u00f3vel<\/label>\r\n    <input type=\"tel\" name=\"PHONE\" required=\"\">\r\n<\/p>\r\n<p>\r\n    <label>Pa\u00eds<\/label>\r\n    <select name=\"MORADA[country]\">\r\n        <option value=\"AF\" selected=\"true\">Afghanistan<\/option>\r\n        <option value=\"AX\">Aland Islands<\/option>\r\n        <option value=\"AL\">Albania<\/option>\r\n        <option value=\"DZ\">Algeria<\/option>\r\n        <option value=\"AS\">American Samoa<\/option>\r\n        <option value=\"AD\">Andorra<\/option>\r\n        <option value=\"AO\">Angola<\/option>\r\n        <option value=\"AI\">Anguilla<\/option>\r\n        <option value=\"AQ\">Antarctica<\/option>\r\n        <option value=\"AG\">Antigua and Barbuda<\/option>\r\n        <option value=\"AR\">Argentina<\/option>\r\n        <option value=\"AM\">Armenia<\/option>\r\n        <option value=\"AW\">Aruba<\/option>\r\n        <option value=\"AU\">Australia<\/option>\r\n        <option value=\"AT\">Austria<\/option>\r\n        <option value=\"AZ\">Azerbaijan<\/option>\r\n        <option value=\"BS\">Bahamas<\/option>\r\n        <option value=\"BH\">Bahrain<\/option>\r\n        <option value=\"BD\">Bangladesh<\/option>\r\n        <option value=\"BB\">Barbados<\/option>\r\n        <option value=\"BY\">Belarus<\/option>\r\n        <option value=\"BE\">Belgium<\/option>\r\n        <option value=\"BZ\">Belize<\/option>\r\n        <option value=\"BJ\">Benin<\/option>\r\n        <option value=\"BM\">Bermuda<\/option>\r\n        <option value=\"BT\">Bhutan<\/option>\r\n        <option value=\"BO\">Bolivia<\/option>\r\n        <option value=\"BQ\">Bonaire, Saint Eustatius and Saba<\/option>\r\n        <option value=\"BA\">Bosnia and Herzegovina<\/option>\r\n        <option value=\"BW\">Botswana<\/option>\r\n        <option value=\"BV\">Bouvet Island<\/option>\r\n        <option value=\"BR\">Brazil<\/option>\r\n        <option value=\"IO\">British Indian Ocean Territory<\/option>\r\n        <option value=\"VG\">British Virgin Islands<\/option>\r\n        <option value=\"BN\">Brunei<\/option>\r\n        <option value=\"BG\">Bulgaria<\/option>\r\n        <option value=\"BF\">Burkina Faso<\/option>\r\n        <option value=\"BI\">Burundi<\/option>\r\n        <option value=\"KH\">Cambodia<\/option>\r\n        <option value=\"CM\">Cameroon<\/option>\r\n        <option value=\"CA\">Canada<\/option>\r\n        <option value=\"CV\">Cape Verde<\/option>\r\n        <option value=\"KY\">Cayman Islands<\/option>\r\n        <option value=\"CF\">Central African Republic<\/option>\r\n        <option value=\"TD\">Chad<\/option>\r\n        <option value=\"CL\">Chile<\/option>\r\n        <option value=\"CN\">China<\/option>\r\n        <option value=\"CX\">Christmas Island<\/option>\r\n        <option value=\"CC\">Cocos Islands<\/option>\r\n        <option value=\"CO\">Colombia<\/option>\r\n        <option value=\"KM\">Comoros<\/option>\r\n        <option value=\"CK\">Cook Islands<\/option>\r\n        <option value=\"CR\">Costa Rica<\/option>\r\n        <option value=\"HR\">Croatia<\/option>\r\n        <option value=\"CU\">Cuba<\/option>\r\n        <option value=\"CW\">Curacao<\/option>\r\n        <option value=\"CY\">Cyprus<\/option>\r\n        <option value=\"CZ\">Czech Republic<\/option>\r\n        <option value=\"CD\">Democratic Republic of the Congo<\/option>\r\n        <option value=\"DK\">Denmark<\/option>\r\n        <option value=\"DJ\">Djibouti<\/option>\r\n        <option value=\"DM\">Dominica<\/option>\r\n        <option value=\"DO\">Dominican Republic<\/option>\r\n        <option value=\"TL\">East Timor<\/option>\r\n        <option value=\"EC\">Ecuador<\/option>\r\n        <option value=\"EG\">Egypt<\/option>\r\n        <option value=\"SV\">El Salvador<\/option>\r\n        <option value=\"GQ\">Equatorial Guinea<\/option>\r\n        <option value=\"ER\">Eritrea<\/option>\r\n        <option value=\"EE\">Estonia<\/option>\r\n        <option value=\"ET\">Ethiopia<\/option>\r\n        <option value=\"FK\">Falkland Islands<\/option>\r\n        <option value=\"FO\">Faroe Islands<\/option>\r\n        <option value=\"FJ\">Fiji<\/option>\r\n        <option value=\"FI\">Finland<\/option>\r\n        <option value=\"FR\">France<\/option>\r\n        <option value=\"GF\">French Guiana<\/option>\r\n        <option value=\"PF\">French Polynesia<\/option>\r\n        <option value=\"TF\">French Southern Territories<\/option>\r\n        <option value=\"GA\">Gabon<\/option>\r\n        <option value=\"GM\">Gambia<\/option>\r\n        <option value=\"GE\">Georgia<\/option>\r\n        <option value=\"DE\">Germany<\/option>\r\n        <option value=\"GH\">Ghana<\/option>\r\n        <option value=\"GI\">Gibraltar<\/option>\r\n        <option value=\"GR\">Greece<\/option>\r\n        <option value=\"GL\">Greenland<\/option>\r\n        <option value=\"GD\">Grenada<\/option>\r\n        <option value=\"GP\">Guadeloupe<\/option>\r\n        <option value=\"GU\">Guam<\/option>\r\n        <option value=\"GT\">Guatemala<\/option>\r\n        <option value=\"GG\">Guernsey<\/option>\r\n        <option value=\"GN\">Guinea<\/option>\r\n        <option value=\"GW\">Guinea-Bissau<\/option>\r\n        <option value=\"GY\">Guyana<\/option>\r\n        <option value=\"HT\">Haiti<\/option>\r\n        <option value=\"HM\">Heard Island and McDonald Islands<\/option>\r\n        <option value=\"HN\">Honduras<\/option>\r\n        <option value=\"HK\">Hong Kong<\/option>\r\n        <option value=\"HU\">Hungary<\/option>\r\n        <option value=\"IS\">Iceland<\/option>\r\n        <option value=\"IN\">India<\/option>\r\n        <option value=\"ID\">Indonesia<\/option>\r\n        <option value=\"IR\">Iran<\/option>\r\n        <option value=\"IQ\">Iraq<\/option>\r\n        <option value=\"IE\">Ireland<\/option>\r\n        <option value=\"IM\">Isle of Man<\/option>\r\n        <option value=\"IL\">Israel<\/option>\r\n        <option value=\"IT\">Italy<\/option>\r\n        <option value=\"CI\">Ivory Coast<\/option>\r\n        <option value=\"JM\">Jamaica<\/option>\r\n        <option value=\"JP\">Japan<\/option>\r\n        <option value=\"JE\">Jersey<\/option>\r\n        <option value=\"JO\">Jordan<\/option>\r\n        <option value=\"KZ\">Kazakhstan<\/option>\r\n        <option value=\"KE\">Kenya<\/option>\r\n        <option value=\"KI\">Kiribati<\/option>\r\n        <option value=\"XK\">Kosovo<\/option>\r\n        <option value=\"KW\">Kuwait<\/option>\r\n        <option value=\"KG\">Kyrgyzstan<\/option>\r\n        <option value=\"LA\">Laos<\/option>\r\n        <option value=\"LV\">Latvia<\/option>\r\n        <option value=\"LB\">Lebanon<\/option>\r\n        <option value=\"LS\">Lesotho<\/option>\r\n        <option value=\"LR\">Liberia<\/option>\r\n        <option value=\"LY\">Libya<\/option>\r\n        <option value=\"LI\">Liechtenstein<\/option>\r\n        <option value=\"LT\">Lithuania<\/option>\r\n        <option value=\"LU\">Luxembourg<\/option>\r\n        <option value=\"MO\">Macao<\/option>\r\n        <option value=\"MK\">Macedonia<\/option>\r\n        <option value=\"MG\">Madagascar<\/option>\r\n        <option value=\"MW\">Malawi<\/option>\r\n        <option value=\"MY\">Malaysia<\/option>\r\n        <option value=\"MV\">Maldives<\/option>\r\n        <option value=\"ML\">Mali<\/option>\r\n        <option value=\"MT\">Malta<\/option>\r\n        <option value=\"MH\">Marshall Islands<\/option>\r\n        <option value=\"MQ\">Martinique<\/option>\r\n        <option value=\"MR\">Mauritania<\/option>\r\n        <option value=\"MU\">Mauritius<\/option>\r\n        <option value=\"YT\">Mayotte<\/option>\r\n        <option value=\"MX\">Mexico<\/option>\r\n        <option value=\"FM\">Micronesia<\/option>\r\n        <option value=\"MD\">Moldova<\/option>\r\n        <option value=\"MC\">Monaco<\/option>\r\n        <option value=\"MN\">Mongolia<\/option>\r\n        <option value=\"ME\">Montenegro<\/option>\r\n        <option value=\"MS\">Montserrat<\/option>\r\n        <option value=\"MA\">Morocco<\/option>\r\n        <option value=\"MZ\">Mozambique<\/option>\r\n        <option value=\"MM\">Myanmar<\/option>\r\n        <option value=\"NA\">Namibia<\/option>\r\n        <option value=\"NR\">Nauru<\/option>\r\n        <option value=\"NP\">Nepal<\/option>\r\n        <option value=\"NL\">Netherlands<\/option>\r\n        <option value=\"NC\">New Caledonia<\/option>\r\n        <option value=\"NZ\">New Zealand<\/option>\r\n        <option value=\"NI\">Nicaragua<\/option>\r\n        <option value=\"NE\">Niger<\/option>\r\n        <option value=\"NG\">Nigeria<\/option>\r\n        <option value=\"NU\">Niue<\/option>\r\n        <option value=\"NF\">Norfolk Island<\/option>\r\n        <option value=\"KP\">North Korea<\/option>\r\n        <option value=\"MP\">Northern Mariana Islands<\/option>\r\n        <option value=\"NO\">Norway<\/option>\r\n        <option value=\"OM\">Oman<\/option>\r\n        <option value=\"PK\">Pakistan<\/option>\r\n        <option value=\"PW\">Palau<\/option>\r\n        <option value=\"PS\">Palestinian Territory<\/option>\r\n        <option value=\"PA\">Panama<\/option>\r\n        <option value=\"PG\">Papua New Guinea<\/option>\r\n        <option value=\"PY\">Paraguay<\/option>\r\n        <option value=\"PE\">Peru<\/option>\r\n        <option value=\"PH\">Philippines<\/option>\r\n        <option value=\"PN\">Pitcairn<\/option>\r\n        <option value=\"PL\">Poland<\/option>\r\n        <option value=\"PT\">Portugal<\/option>\r\n        <option value=\"PR\">Puerto Rico<\/option>\r\n        <option value=\"QA\">Qatar<\/option>\r\n        <option value=\"CG\">Republic of the Congo<\/option>\r\n        <option value=\"RE\">Reunion<\/option>\r\n        <option value=\"RO\">Romania<\/option>\r\n        <option value=\"RU\">Russia<\/option>\r\n        <option value=\"RW\">Rwanda<\/option>\r\n        <option value=\"BL\">Saint Barthelemy<\/option>\r\n        <option value=\"SH\">Saint Helena<\/option>\r\n        <option value=\"KN\">Saint Kitts and Nevis<\/option>\r\n        <option value=\"LC\">Saint Lucia<\/option>\r\n        <option value=\"MF\">Saint Martin<\/option>\r\n        <option value=\"PM\">Saint Pierre and Miquelon<\/option>\r\n        <option value=\"VC\">Saint Vincent and the Grenadines<\/option>\r\n        <option value=\"WS\">Samoa<\/option>\r\n        <option value=\"SM\">San Marino<\/option>\r\n        <option value=\"ST\">Sao Tome and Principe<\/option>\r\n        <option value=\"SA\">Saudi Arabia<\/option>\r\n        <option value=\"SN\">Senegal<\/option>\r\n        <option value=\"RS\">Serbia<\/option>\r\n        <option value=\"SC\">Seychelles<\/option>\r\n        <option value=\"SL\">Sierra Leone<\/option>\r\n        <option value=\"SG\">Singapore<\/option>\r\n        <option value=\"SX\">Sint Maarten<\/option>\r\n        <option value=\"SK\">Slovakia<\/option>\r\n        <option value=\"SI\">Slovenia<\/option>\r\n        <option value=\"SB\">Solomon Islands<\/option>\r\n        <option value=\"SO\">Somalia<\/option>\r\n        <option value=\"ZA\">South Africa<\/option>\r\n        <option value=\"GS\">South Georgia and the South Sandwich Islands<\/option>\r\n        <option value=\"KR\">South Korea<\/option>\r\n        <option value=\"SS\">South Sudan<\/option>\r\n        <option value=\"ES\">Spain<\/option>\r\n        <option value=\"LK\">Sri Lanka<\/option>\r\n        <option value=\"SD\">Sudan<\/option>\r\n        <option value=\"SR\">Suriname<\/option>\r\n        <option value=\"SJ\">Svalbard and Jan Mayen<\/option>\r\n        <option value=\"SZ\">Swaziland<\/option>\r\n        <option value=\"SE\">Sweden<\/option>\r\n        <option value=\"CH\">Switzerland<\/option>\r\n        <option value=\"SY\">Syria<\/option>\r\n        <option value=\"TW\">Taiwan<\/option>\r\n        <option value=\"TJ\">Tajikistan<\/option>\r\n        <option value=\"TZ\">Tanzania<\/option>\r\n        <option value=\"TH\">Thailand<\/option>\r\n        <option value=\"TG\">Togo<\/option>\r\n        <option value=\"TK\">Tokelau<\/option>\r\n        <option value=\"TO\">Tonga<\/option>\r\n        <option value=\"TT\">Trinidad and Tobago<\/option>\r\n        <option value=\"TN\">Tunisia<\/option>\r\n        <option value=\"TR\">Turkey<\/option>\r\n        <option value=\"TM\">Turkmenistan<\/option>\r\n        <option value=\"TC\">Turks and Caicos Islands<\/option>\r\n        <option value=\"TV\">Tuvalu<\/option>\r\n        <option value=\"VI\">U.S. Virgin Islands<\/option>\r\n        <option value=\"UG\">Uganda<\/option>\r\n        <option value=\"UA\">Ukraine<\/option>\r\n        <option value=\"AE\">United Arab Emirates<\/option>\r\n        <option value=\"GB\">United Kingdom<\/option>\r\n        <option value=\"US\">United States<\/option>\r\n        <option value=\"UM\">United States Minor Outlying Islands<\/option>\r\n        <option value=\"UY\">Uruguay<\/option>\r\n        <option value=\"UZ\">Uzbekistan<\/option>\r\n        <option value=\"VU\">Vanuatu<\/option>\r\n        <option value=\"VA\">Vatican<\/option>\r\n        <option value=\"VE\">Venezuela<\/option>\r\n        <option value=\"VN\">Vietnam<\/option>\r\n        <option value=\"WF\">Wallis and Futuna<\/option>\r\n        <option value=\"EH\">Western Sahara<\/option>\r\n        <option value=\"YE\">Yemen<\/option>\r\n        <option value=\"ZM\">Zambia<\/option>\r\n        <option value=\"ZW\">Zimbabwe<\/option>\r\n    <\/select>\r\n<\/p>\r\n<p>\r\n    <label>Linha de morada 1<\/label>\r\n    <input type=\"text\" name=\"MORADA[addr1]\">\r\n<\/p>\r\n<p>\r\n    <label>Cidade<\/label>\r\n    <input type=\"text\" name=\"MORADA[city]\">\r\n<\/p>\r\n<p>\r\n    <label>Distrito<\/label>\r\n    <input type=\"text\" name=\"MORADA[state]\">\r\n<\/p>\r\n<p>\r\n    <label>C\u00f3digo postal<\/label>\r\n    <input type=\"text\" name=\"MORADA[zip]\">\r\n<\/p>\r\n<p>\r\n    <label>Ac\u00e7\u00e3o do formul\u00e1rio<\/label>\r\n    <label>\r\n        <input type=\"radio\" name=\"_mc4wp_action\" value=\"subscribe\" required=\"\"\r\n        checked=\"true\"> <span>Subscribe<\/span>\r\n    <\/label>\r\n    <label>\r\n        <input type=\"radio\" name=\"_mc4wp_action\" value=\"unsubscribe\" required=\"\"> <span>Unsubscribe<\/span>\r\n    <\/label>\r\n<\/p>\r\n<p>\r\n    <label>\r\n        <input type=\"checkbox\" name=\"AGREE_TO_TERMS\" value=\"1\" required=\"\"> <a href=\"https:\/\/www.luis-trindade.com\/politica-de-privacidade\/\" target=\"_blank\">Eu li e aceito os termos e condi\u00e7\u00f5es<\/a>\r\n    <\/label>\r\n<\/p>\r\n<p>\r\n    <input type=\"submit\" value=\"Subscrever\">\r\n<\/p>\r\n<\/div><label style=\"display: none !important;\">Leave this field empty if you're human: <input type=\"text\" name=\"_mc4wp_honeypot\" value=\"\" tabindex=\"-1\" autocomplete=\"off\" \/><\/label><input type=\"hidden\" name=\"_mc4wp_timestamp\" value=\"1777470130\" \/><input type=\"hidden\" name=\"_mc4wp_form_id\" value=\"3458\" \/><input type=\"hidden\" name=\"_mc4wp_form_element_id\" value=\"mc4wp-form-1\" \/><div class=\"mc4wp-response\"><\/div><\/form><!-- \/ Mailchimp for WordPress Plugin -->[\/et_pb_code][\/et_pb_column][\/et_pb_row][\/et_pb_section]<\/p>\n","protected":false},"excerpt":{"rendered":"<p>Lu\u00eds Trindade &#8211; Creative Life Change<\/p>","protected":false},"author":1,"featured_media":460,"parent":0,"menu_order":0,"comment_status":"closed","ping_status":"closed","template":"","meta":{"_et_pb_use_builder":"on","_et_pb_old_content":"","_et_gb_content_width":"","_joinchat":[],"footnotes":""},"_links":{"self":[{"href":"https:\/\/www.luis-trindade.com\/en\/wp-json\/wp\/v2\/pages\/1758"}],"collection":[{"href":"https:\/\/www.luis-trindade.com\/en\/wp-json\/wp\/v2\/pages"}],"about":[{"href":"https:\/\/www.luis-trindade.com\/en\/wp-json\/wp\/v2\/types\/page"}],"author":[{"embeddable":true,"href":"https:\/\/www.luis-trindade.com\/en\/wp-json\/wp\/v2\/users\/1"}],"replies":[{"embeddable":true,"href":"https:\/\/www.luis-trindade.com\/en\/wp-json\/wp\/v2\/comments?post=1758"}],"version-history":[{"count":40,"href":"https:\/\/www.luis-trindade.com\/en\/wp-json\/wp\/v2\/pages\/1758\/revisions"}],"predecessor-version":[{"id":3534,"href":"https:\/\/www.luis-trindade.com\/en\/wp-json\/wp\/v2\/pages\/1758\/revisions\/3534"}],"wp:featuredmedia":[{"embeddable":true,"href":"https:\/\/www.luis-trindade.com\/en\/wp-json\/wp\/v2\/media\/460"}],"wp:attachment":[{"href":"https:\/\/www.luis-trindade.com\/en\/wp-json\/wp\/v2\/media?parent=1758"}],"curies":[{"name":"wp","href":"https:\/\/api.w.org\/{rel}","templated":true}]}}